{"id":56,"date":"2025-07-03T10:51:47","date_gmt":"2025-07-03T08:51:47","guid":{"rendered":"https:\/\/www.sidemast.org\/congresso\/2026\/?page_id=56"},"modified":"2026-04-13T10:49:08","modified_gmt":"2026-04-13T08:49:08","slug":"sede","status":"publish","type":"page","link":"https:\/\/www.sidemast.org\/congresso\/2026\/sede\/","title":{"rendered":"Sede"},"content":{"rendered":"\n<h2 class=\"wp-block-heading\">La sede congressuale<\/h2>\n\n\n\n<div class=\"wp-block-columns is-layout-flex wp-container-core-columns-is-layout-9d6595d7 wp-block-columns-is-layout-flex\">\n<div class=\"wp-block-column is-layout-flow wp-block-column-is-layout-flow\" style=\"flex-basis:66.66%\">\n<p>Il Palacongressi di Rimini \u00e8 la pi\u00f9 grande opera congressuale costruita ex novo in Italia, riconosciuta tra le pi\u00f9 imponenti d&#8217;Europa.<br>\u00c8 progettata e realizzata all&#8217;insegna del rispetto dell&#8217;ambiente, dell&#8217;innovazione tecnologica e della flessibilit\u00e0 d&#8217;utilizzo.<\/p>\n\n\n\n<p>Attraverso le grandiose vetrate, la luce naturale invade con la sua bellezza e la sua energia positiva il Palacongressi valorizzando gli ambienti e le installazioni, risultando accoglienti, eleganti e fortemente confortevoli.<br>Con le sue 39 sale, 3 ingressi per agevolare i flussi e gli accessi agli eventi, postazioni di Digital Signage diffuse in tutta la struttura, 500 posti auto e un terminal bus \u00e8 uno dei centri congressuali pi\u00f9 importanti italiani.<\/p>\n\n\n\n<p><strong>Date congresso Incluso allestimento e disallestimento:<\/strong><br>20\/25 aprile 2026<\/p>\n\n\n\n<h4 class=\"wp-block-heading\">Allestimenti e scarichi<\/h4>\n\n\n\n<p>19 aprile: dalle 14.00 alle 18.00 <strong>solo scarico allestitori<\/strong><br>20 aprile: dalle 07.00 alle 22.00 <strong>allestimento allestitori<\/strong><br>21 aprile: dalle 07.00 alle 14.00 <strong>allestimento allestitori<\/strong><br>21 aprile: dalle 14.00 alle 17.30 <strong>allestimento espositori<\/strong><\/p>\n\n\n\n<h4 class=\"wp-block-heading\">Svolgimento<\/h4>\n\n\n\n<p><strong>Marted\u00ec 21 aprile 2026<\/strong> \/ ore 13:00 \u2013 19:00<br><strong>Mercoled\u00ec 22 aprile 2026<\/strong> \/ ore 08:00 \u2013 18:30<br><strong>Gioved\u00ec 23 aprile 2026<\/strong> \/ ore 08:00 \u2013 18:30<br><strong>Venerd\u00ec 24 aprile 2026<\/strong> \/ ore 08:00 \u2013 14:00<\/p>\n\n\n\n<h4 class=\"wp-block-heading\">Disallestimento<\/h4>\n\n\n\n<p>24 aprile: dalle 14.00 alle 16.00 <strong>disallestimento espositori per allontanamento campionario<\/strong><br>24 aprile: dalle 16.00 alle 24.00 <strong>disallestimento allestitori<\/strong><\/p>\n\n\n\n<div style=\"height:30px\" aria-hidden=\"true\" class=\"wp-block-spacer\"><\/div>\n\n\n\n<div class=\"wp-block-buttons is-layout-flex wp-block-buttons-is-layout-flex\">\n<div class=\"wp-block-button\"><a class=\"wp-block-button__link wp-element-button\" href=\"https:\/\/www.riminipalacongressi.it\/info\/come-arrivare\" target=\"_blank\" rel=\"noreferrer noopener\">Come raggiungerla<\/a><\/div>\n<\/div>\n<\/div>\n\n\n\n<div class=\"wp-block-column is-layout-flow wp-block-column-is-layout-flow\" style=\"flex-basis:33.33%\">\n<figure class=\"wp-block-image size-large\"><img loading=\"lazy\" decoding=\"async\" width=\"767\" height=\"1024\" src=\"https:\/\/www.sidemast.org\/congresso\/2026\/wp-content\/uploads\/2025\/07\/sede-767x1024.jpg?v=1752242748\" alt=\"\" class=\"wp-image-107\" srcset=\"https:\/\/www.sidemast.org\/congresso\/2026\/wp-content\/uploads\/2025\/07\/sede-767x1024.jpg 767w, https:\/\/www.sidemast.org\/congresso\/2026\/wp-content\/uploads\/2025\/07\/sede-225x300.jpg 225w, https:\/\/www.sidemast.org\/congresso\/2026\/wp-content\/uploads\/2025\/07\/sede-768x1026.jpg 768w, https:\/\/www.sidemast.org\/congresso\/2026\/wp-content\/uploads\/2025\/07\/sede.jpg 960w\" sizes=\"auto, (max-width: 767px) 100vw, 767px\" \/><\/figure>\n\n\n\n<div class=\"wp-block-columns is-layout-flex wp-container-core-columns-is-layout-9d6595d7 wp-block-columns-is-layout-flex\">\n<div class=\"wp-block-column is-layout-flow wp-block-column-is-layout-flow\">\n<figure class=\"wp-block-image size-full is-resized\"><a href=\"https:\/\/emiliaromagnaturismo.it\/it\" target=\"_blank\" rel=\" noreferrer noopener\"><img loading=\"lazy\" decoding=\"async\" width=\"572\" height=\"210\" src=\"https:\/\/www.sidemast.org\/congresso\/2026\/wp-content\/uploads\/2026\/03\/er-logo-1.png?v=1774959082\" alt=\"\" class=\"wp-image-400\" style=\"width:241px;height:auto\" srcset=\"https:\/\/www.sidemast.org\/congresso\/2026\/wp-content\/uploads\/2026\/03\/er-logo-1.png 572w, https:\/\/www.sidemast.org\/congresso\/2026\/wp-content\/uploads\/2026\/03\/er-logo-1-300x110.png 300w\" sizes=\"auto, (max-width: 572px) 100vw, 572px\" \/><\/a><\/figure>\n<\/div>\n<\/div>\n<\/div>\n<\/div>\n\n\n\n<div style=\"height:30px\" aria-hidden=\"true\" class=\"wp-block-spacer\"><\/div>\n\n\n\n<figure class=\"wp-block-gallery has-nested-images columns-default is-cropped wp-block-gallery-1 is-layout-flex wp-block-gallery-is-layout-flex\">\n<figure class=\"wp-block-image size-full\"><img loading=\"lazy\" decoding=\"async\" width=\"1125\" height=\"2001\" data-id=\"73\" src=\"https:\/\/www.sidemast.org\/congresso\/2026\/wp-content\/uploads\/2025\/07\/sala-meeting.jpg?v=1752242748\" alt=\"\" class=\"wp-image-73\" srcset=\"https:\/\/www.sidemast.org\/congresso\/2026\/wp-content\/uploads\/2025\/07\/sala-meeting.jpg 1125w, https:\/\/www.sidemast.org\/congresso\/2026\/wp-content\/uploads\/2025\/07\/sala-meeting-169x300.jpg 169w, https:\/\/www.sidemast.org\/congresso\/2026\/wp-content\/uploads\/2025\/07\/sala-meeting-576x1024.jpg 576w, https:\/\/www.sidemast.org\/congresso\/2026\/wp-content\/uploads\/2025\/07\/sala-meeting-768x1366.jpg 768w, https:\/\/www.sidemast.org\/congresso\/2026\/wp-content\/uploads\/2025\/07\/sala-meeting-864x1536.jpg 864w\" sizes=\"auto, (max-width: 1125px) 100vw, 1125px\" \/><figcaption class=\"wp-element-caption\">Sala Meeting<\/figcaption><\/figure>\n\n\n\n<figure class=\"wp-block-image size-full\"><img loading=\"lazy\" decoding=\"async\" width=\"542\" height=\"766\" data-id=\"75\" src=\"https:\/\/www.sidemast.org\/congresso\/2026\/wp-content\/uploads\/2025\/07\/spazi-comuni.png?v=1752242750\" alt=\"\" class=\"wp-image-75\" srcset=\"https:\/\/www.sidemast.org\/congresso\/2026\/wp-content\/uploads\/2025\/07\/spazi-comuni.png 542w, https:\/\/www.sidemast.org\/congresso\/2026\/wp-content\/uploads\/2025\/07\/spazi-comuni-212x300.png 212w\" sizes=\"auto, (max-width: 542px) 100vw, 542px\" \/><figcaption class=\"wp-element-caption\">Spazi Comuni<\/figcaption><\/figure>\n\n\n\n<figure class=\"wp-block-image size-full\"><img loading=\"lazy\" decoding=\"async\" width=\"544\" height=\"767\" data-id=\"70\" src=\"https:\/\/www.sidemast.org\/congresso\/2026\/wp-content\/uploads\/2025\/07\/auditorium.png?v=1752242745\" alt=\"\" class=\"wp-image-70\" srcset=\"https:\/\/www.sidemast.org\/congresso\/2026\/wp-content\/uploads\/2025\/07\/auditorium.png 544w, https:\/\/www.sidemast.org\/congresso\/2026\/wp-content\/uploads\/2025\/07\/auditorium-213x300.png 213w\" sizes=\"auto, (max-width: 544px) 100vw, 544px\" \/><figcaption class=\"wp-element-caption\">Auditorium<\/figcaption><\/figure>\n\n\n\n<figure class=\"wp-block-image size-full\"><img loading=\"lazy\" decoding=\"async\" width=\"1125\" height=\"2001\" data-id=\"71\" src=\"https:\/\/www.sidemast.org\/congresso\/2026\/wp-content\/uploads\/2025\/07\/foyer-accredito.jpg?v=1752242746\" alt=\"\" class=\"wp-image-71\" srcset=\"https:\/\/www.sidemast.org\/congresso\/2026\/wp-content\/uploads\/2025\/07\/foyer-accredito.jpg 1125w, https:\/\/www.sidemast.org\/congresso\/2026\/wp-content\/uploads\/2025\/07\/foyer-accredito-169x300.jpg 169w, https:\/\/www.sidemast.org\/congresso\/2026\/wp-content\/uploads\/2025\/07\/foyer-accredito-576x1024.jpg 576w, https:\/\/www.sidemast.org\/congresso\/2026\/wp-content\/uploads\/2025\/07\/foyer-accredito-768x1366.jpg 768w, https:\/\/www.sidemast.org\/congresso\/2026\/wp-content\/uploads\/2025\/07\/foyer-accredito-864x1536.jpg 864w\" sizes=\"auto, (max-width: 1125px) 100vw, 1125px\" \/><figcaption class=\"wp-element-caption\">Foyer Accredito<\/figcaption><\/figure>\n\n\n\n<figure class=\"wp-block-image size-full\"><img loading=\"lazy\" decoding=\"async\" width=\"1125\" height=\"2001\" data-id=\"72\" src=\"https:\/\/www.sidemast.org\/congresso\/2026\/wp-content\/uploads\/2025\/07\/sala-meeting-2.jpg?v=1752242748\" alt=\"\" class=\"wp-image-72\" srcset=\"https:\/\/www.sidemast.org\/congresso\/2026\/wp-content\/uploads\/2025\/07\/sala-meeting-2.jpg 1125w, https:\/\/www.sidemast.org\/congresso\/2026\/wp-content\/uploads\/2025\/07\/sala-meeting-2-169x300.jpg 169w, https:\/\/www.sidemast.org\/congresso\/2026\/wp-content\/uploads\/2025\/07\/sala-meeting-2-576x1024.jpg 576w, https:\/\/www.sidemast.org\/congresso\/2026\/wp-content\/uploads\/2025\/07\/sala-meeting-2-768x1366.jpg 768w, https:\/\/www.sidemast.org\/congresso\/2026\/wp-content\/uploads\/2025\/07\/sala-meeting-2-864x1536.jpg 864w\" sizes=\"auto, (max-width: 1125px) 100vw, 1125px\" \/><figcaption class=\"wp-element-caption\">Sala Meeting<\/figcaption><\/figure>\n\n\n\n<figure class=\"wp-block-image size-full\"><img loading=\"lazy\" decoding=\"async\" width=\"1125\" height=\"2001\" data-id=\"74\" src=\"https:\/\/www.sidemast.org\/congresso\/2026\/wp-content\/uploads\/2025\/07\/spazi-comuni-2.png.jpg?v=1752242749\" alt=\"\" class=\"wp-image-74\" srcset=\"https:\/\/www.sidemast.org\/congresso\/2026\/wp-content\/uploads\/2025\/07\/spazi-comuni-2.png.jpg 1125w, https:\/\/www.sidemast.org\/congresso\/2026\/wp-content\/uploads\/2025\/07\/spazi-comuni-2.png-169x300.jpg 169w, https:\/\/www.sidemast.org\/congresso\/2026\/wp-content\/uploads\/2025\/07\/spazi-comuni-2.png-576x1024.jpg 576w, https:\/\/www.sidemast.org\/congresso\/2026\/wp-content\/uploads\/2025\/07\/spazi-comuni-2.png-768x1366.jpg 768w, https:\/\/www.sidemast.org\/congresso\/2026\/wp-content\/uploads\/2025\/07\/spazi-comuni-2.png-864x1536.jpg 864w\" sizes=\"auto, (max-width: 1125px) 100vw, 1125px\" \/><figcaption class=\"wp-element-caption\">Spazi Comuni<\/figcaption><\/figure>\n<\/figure>\n\n\n\n\n\n\n\n<h2 class=\"wp-block-heading\"><strong>APT Servizi Regione Emilia Romagna<\/strong><\/h2>\n\n\n\n<figure class=\"wp-block-image size-full is-resized\"><a href=\"https:\/\/emiliaromagnaturismo.it\/it\" target=\"_blank\" rel=\" noreferrer noopener\"><img loading=\"lazy\" decoding=\"async\" width=\"608\" height=\"350\" src=\"https:\/\/www.sidemast.org\/congresso\/2026\/wp-content\/uploads\/2026\/03\/er-banner.png?v=1774959220\" alt=\"\" class=\"wp-image-401\" style=\"width:445px;height:auto\" srcset=\"https:\/\/www.sidemast.org\/congresso\/2026\/wp-content\/uploads\/2026\/03\/er-banner.png 608w, https:\/\/www.sidemast.org\/congresso\/2026\/wp-content\/uploads\/2026\/03\/er-banner-300x173.png 300w\" sizes=\"auto, (max-width: 608px) 100vw, 608px\" \/><\/a><\/figure>\n\n\n\n\n","protected":false},"excerpt":{"rendered":"<p>La sede congressuale Il Palacongressi di Rimini \u00e8 la pi\u00f9 grande opera congressuale costruita ex novo in Italia, riconosciuta tra le pi\u00f9 imponenti d&#8217;Europa.\u00c8 progettata e realizzata all&#8217;insegna del rispetto dell&#8217;ambiente, dell&#8217;innovazione tecnologica e della flessibilit\u00e0 d&#8217;utilizzo. Attraverso le grandiose vetrate, la luce naturale invade con la sua bellezza e la sua energia positiva il [&hellip;]<\/p>\n","protected":false},"author":1,"featured_media":171,"parent":0,"menu_order":0,"comment_status":"closed","ping_status":"closed","template":"","meta":{"footnotes":""},"class_list":["post-56","page","type-page","status-publish","has-post-thumbnail","hentry"],"_links":{"self":[{"href":"https:\/\/www.sidemast.org\/congresso\/2026\/wp-json\/wp\/v2\/pages\/56","targetHints":{"allow":["GET"]}}],"collection":[{"href":"https:\/\/www.sidemast.org\/congresso\/2026\/wp-json\/wp\/v2\/pages"}],"about":[{"href":"https:\/\/www.sidemast.org\/congresso\/2026\/wp-json\/wp\/v2\/types\/page"}],"author":[{"embeddable":true,"href":"https:\/\/www.sidemast.org\/congresso\/2026\/wp-json\/wp\/v2\/users\/1"}],"replies":[{"embeddable":true,"href":"https:\/\/www.sidemast.org\/congresso\/2026\/wp-json\/wp\/v2\/comments?post=56"}],"version-history":[{"count":41,"href":"https:\/\/www.sidemast.org\/congresso\/2026\/wp-json\/wp\/v2\/pages\/56\/revisions"}],"predecessor-version":[{"id":453,"href":"https:\/\/www.sidemast.org\/congresso\/2026\/wp-json\/wp\/v2\/pages\/56\/revisions\/453"}],"wp:featuredmedia":[{"embeddable":true,"href":"https:\/\/www.sidemast.org\/congresso\/2026\/wp-json\/wp\/v2\/media\/171"}],"wp:attachment":[{"href":"https:\/\/www.sidemast.org\/congresso\/2026\/wp-json\/wp\/v2\/media?parent=56"}],"curies":[{"name":"wp","href":"https:\/\/api.w.org\/{rel}","templated":true}]}}