{"id":37,"date":"2025-07-03T10:29:29","date_gmt":"2025-07-03T08:29:29","guid":{"rendered":"https:\/\/www.sidemast.org\/congresso\/2026\/?page_id=37"},"modified":"2025-12-22T10:59:48","modified_gmt":"2025-12-22T09:59:48","slug":"abstract","status":"publish","type":"page","link":"https:\/\/www.sidemast.org\/congresso\/2026\/abstract\/","title":{"rendered":"Abstract"},"content":{"rendered":"\n<p>\u00c8 previsto l\u2019invio di contributi scientifici, sotto forma di comunicazione orale o poster, da presentare al 99\u00b0 Congresso Nazionale SIDeMaST. Gli stessi dovranno essere redatti esclusivamente tramite questo sito, improrogabilmente entro e non oltre il <strong>16 Gennaio 2026<\/strong>.<br>Ogni Autore potr\u00e0 inviare al massimo n. 5 abstract in cui lo stesso compaia come primo Autore.<br>La selezione sotto forma di comunicazione orale o poster verr\u00e0 effettuata dal Comitato Scientifico del Congresso.<br>La Segreteria Organizzativa invier\u00e0 tutta la corrispondenza direttamente ed esclusivamente all\u2019autore che ha sottomesso l\u2019abstract, comunicandone l\u2019eventuale accettazione e qualsiasi altra informazione relativa alla presentazione.<\/p>\n\n\n\n<p><strong>Per poter presentare il contributo scientifico in sede congressuale l\u2019Autore deve essere regolarmente iscritto al Congresso.<\/strong><strong><\/strong><\/p>\n\n\n\n<h3 class=\"wp-block-heading\">Topics 2026<\/h3>\n\n\n\n<p>Indicare la categoria relativa all\u2019argomento del contributo scientifico:<\/p>\n\n\n\n<div class=\"wp-block-group list-conference-topics\"><div class=\"wp-block-group__inner-container is-layout-constrained wp-block-group-is-layout-constrained\">\n<ol class=\"wp-block-list\">\n<li>Acne, Rosacea e disturbi associati<\/li>\n\n\n\n<li>Dermatite Atopica<\/li>\n\n\n\n<li>Dermatologia Allergologica e Professionale<\/li>\n\n\n\n<li>Dermatologia Ambientale<\/li>\n\n\n\n<li>Dermatologia Chirurgica<\/li>\n\n\n\n<li>Dermatologia Estetica<\/li>\n\n\n\n<li>Dermatologia Pediatrica<\/li>\n\n\n\n<li>Dermatologia Psicosomatica<\/li>\n\n\n\n<li>Dermatopatologia Clinica<\/li>\n\n\n\n<li>Diagnostica non invasiva<\/li>\n\n\n\n<li>Eczema cronico delle mani<\/li>\n\n\n\n<li>Fotodermatologia<\/li>\n\n\n\n<li>Genodermatosi<\/li>\n\n\n\n<li>Idrosadenite&nbsp;suppurativa<\/li>\n\n\n\n<li>Immunopatologia Cutanea<\/li>\n\n\n\n<li>Intelligenza artificiale in Dermatologia<\/li>\n\n\n\n<li>Laser in Dermatologia<\/li>\n\n\n\n<li>Malattie bollose autoimmuni<\/li>\n\n\n\n<li>Malattie delle unghie e dei capelli<\/li>\n\n\n\n<li>Malattie infettive dermatologiche, comprese MTS<\/li>\n\n\n\n<li>Malattie rare in Dermatologia<\/li>\n\n\n\n<li>Melanoma<\/li>\n\n\n\n<li>Miscellanea<\/li>\n\n\n\n<li>Non-melanoma skin cancer<\/li>\n\n\n\n<li>Orticaria-angioedema<\/li>\n\n\n\n<li>Patologia delle mucose<\/li>\n\n\n\n<li>Prurito<\/li>\n\n\n\n<li>Psoriasi<\/li>\n\n\n\n<li>Patologie internistiche in Dermatologia<\/li>\n\n\n\n<li>Qualit\u00e0 di vita in Dermatologia<\/li>\n\n\n\n<li>Reazioni avverse a farmaci<\/li>\n\n\n\n<li>Dermatologia vascolare e ulcere<\/li>\n\n\n\n<li>Vitiligine<\/li>\n\n\n\n<li>Terapia in dermatologia<\/li>\n<\/ol>\n<\/div><\/div>\n\n\n\n<h4 class=\"wp-block-heading\">Deadline abstract<\/h4>\n\n\n\n<p>16 Gennaio 2026<\/p>\n\n\n\n<h4 class=\"wp-block-heading\">Invio<\/h4>\n\n\n\n<p>Gli abstract potranno essere inviati solamente compilando il form online<br><a href=\"https:\/\/webapp.triumphgroupinternational.com\/cmsweb\/ABS_Login.asp?IDcommessa=TRM26001&amp;Lang=IT\" target=\"_blank\" rel=\"noreferrer noopener\">CLICCA QUI PER INVIARE L\u2019ABSTRACT<\/a><\/p>\n\n\n\n<h4 class=\"wp-block-heading\">Comunicazioni<\/h4>\n\n\n\n<p>Per eventuali comunicazioni relative alla sottomissione dell\u2019abstract inviare una mail ad: abs_sidemast2026@thetriumph.com<br>La Segreteria Organizzativa risponder\u00e0 dal luned\u00ec al venerd\u00ec dalle 09:00 alle 13:00 e dalle 14:00 alle 18:00.<\/p>\n\n\n\n<h4 class=\"wp-block-heading\">File<\/h4>\n\n\n\n<p>Il lavoro dovr\u00e0 essere impaginato su un file .doc (documento word).<\/p>\n\n\n\n<h4 class=\"wp-block-heading\">Codice<\/h4>\n\n\n\n<p>A conferma dell\u2019invio dell\u2019abstract, l\u2019autore ricever\u00e0 un codice di riferimento da utilizzare per eventuali comunicazioni o modifiche.<\/p>\n\n\n\n<h3 class=\"wp-block-heading\">Specifiche del file .doc<\/h3>\n\n\n\n<h4 class=\"wp-block-heading\">Formato<\/h4>\n\n\n\n<ul class=\"wp-block-list\">\n<li>Il lavoro deve essere impaginato in formato A4 in un file <strong>.doc<\/strong> (documento word)<\/li>\n\n\n\n<li>Lunghezza non superiore a 400 parole (spazi inclusi)<br>(esclusi titolo, autori e affiliazioni) in una sola pagina.<\/li>\n\n\n\n<li>Il form permette l\u2019invio di un solo documento (file)<\/li>\n\n\n\n<li>Il documento non deve tassativamente superare 1024 kb (1 MB) per garantire la giusta ricezione<\/li>\n<\/ul>\n\n\n\n<h4 class=\"wp-block-heading\">Intestazione<\/h4>\n\n\n\n<ul class=\"wp-block-list\">\n<li>Il titolo deve essere scritto in minuscolo, grassetto, carattere Times New Roman 12<\/li>\n\n\n\n<li>Per ogni autore va riportato il Nome per esteso, Secondo Nome con inziale puntata ed il Cognome per esteso maiuscolo (Times New Roman 12, corsivo)<\/li>\n\n\n\n<li>Tra un autore e l\u2019autore successivo inserire virgola e spazio<\/li>\n\n\n\n<li>Per ogni autore va indicata l\u2019affiliazione in corsivo (Times New Roman 12) con punto e virgola tra un\u2019affiliazione e l\u2019altra e completa di (nel seguente ordine):\n<ul class=\"wp-block-list\">\n<li>Unit\u00e0 operativa<\/li>\n\n\n\n<li>Dipartimento<\/li>\n\n\n\n<li>Ospedale e\/o Universit\u00e0<\/li>\n\n\n\n<li>Citt\u00e0<\/li>\n\n\n\n<li>Stato<\/li>\n<\/ul>\n<\/li>\n<\/ul>\n\n\n\n<h4 class=\"wp-block-heading\">Corpo<\/h4>\n\n\n\n<p>Il testo deve avere le seguenti caratteristiche:<\/p>\n\n\n\n<ul class=\"wp-block-list\">\n<li>tipo di carattere Times New Roman, dimensione 12<\/li>\n\n\n\n<li>deve contenere <strong>max 400 parole<\/strong><\/li>\n\n\n\n<li>interlinea singola, spazio singolo senza \u201ca capo\u201d<\/li>\n\n\n\n<li>nessuna linea vuota tra i paragrafi<\/li>\n\n\n\n<li>per evitare problemi di trascrizione, riportare i simboli per esteso (es. \u201c\u00df\u201d diventa \u201cbeta\u201d)<\/li>\n<\/ul>\n\n\n\n<h4 class=\"wp-block-heading\">Immagini<\/h4>\n\n\n\n<p>Non amesse<\/p>\n\n\n\n<h4 class=\"wp-block-heading\">Bibliografia<\/h4>\n\n\n\n<p>Non ammessa<\/p>\n\n\n\n<h4 class=\"wp-block-heading\">Presentazione<\/h4>\n\n\n\n<p>Indicare la scelta per la presentazione:<\/p>\n\n\n\n<ul class=\"wp-block-list\">\n<li>orale: comunicazione orale<\/li>\n\n\n\n<li>poster<\/li>\n<\/ul>\n\n\n\n<p><strong>L\u2019accettazione della modalit\u00e0 di presentazione dell\u2019abstract \u00e8 a discrezione del Comitato Scientifico.<\/strong><\/p>\n\n\n\n<h4 class=\"wp-block-heading\">Poster<\/h4>\n\n\n\n<p><strong>I poster saranno unicamente in formato digitale<\/strong>, consultabili in modo virtuale su Totem Multimediali.<\/p>\n\n\n\n<h4 class=\"wp-block-heading\">Lingua<\/h4>\n\n\n\n<p>Italiano<\/p>\n","protected":false},"excerpt":{"rendered":"<p>\u00c8 previsto l\u2019invio di contributi scientifici, sotto forma di comunicazione orale o poster, da presentare al 99\u00b0 Congresso Nazionale SIDeMaST. Gli stessi dovranno essere redatti esclusivamente tramite questo sito, improrogabilmente entro e non oltre il 16 Gennaio 2026.Ogni Autore potr\u00e0 inviare al massimo n. 5 abstract in cui lo stesso compaia come primo Autore.La selezione [&hellip;]<\/p>\n","protected":false},"author":1,"featured_media":165,"parent":0,"menu_order":0,"comment_status":"closed","ping_status":"closed","template":"","meta":{"footnotes":""},"class_list":["post-37","page","type-page","status-publish","has-post-thumbnail","hentry"],"_links":{"self":[{"href":"https:\/\/www.sidemast.org\/congresso\/2026\/wp-json\/wp\/v2\/pages\/37","targetHints":{"allow":["GET"]}}],"collection":[{"href":"https:\/\/www.sidemast.org\/congresso\/2026\/wp-json\/wp\/v2\/pages"}],"about":[{"href":"https:\/\/www.sidemast.org\/congresso\/2026\/wp-json\/wp\/v2\/types\/page"}],"author":[{"embeddable":true,"href":"https:\/\/www.sidemast.org\/congresso\/2026\/wp-json\/wp\/v2\/users\/1"}],"replies":[{"embeddable":true,"href":"https:\/\/www.sidemast.org\/congresso\/2026\/wp-json\/wp\/v2\/comments?post=37"}],"version-history":[{"count":13,"href":"https:\/\/www.sidemast.org\/congresso\/2026\/wp-json\/wp\/v2\/pages\/37\/revisions"}],"predecessor-version":[{"id":196,"href":"https:\/\/www.sidemast.org\/congresso\/2026\/wp-json\/wp\/v2\/pages\/37\/revisions\/196"}],"wp:featuredmedia":[{"embeddable":true,"href":"https:\/\/www.sidemast.org\/congresso\/2026\/wp-json\/wp\/v2\/media\/165"}],"wp:attachment":[{"href":"https:\/\/www.sidemast.org\/congresso\/2026\/wp-json\/wp\/v2\/media?parent=37"}],"curies":[{"name":"wp","href":"https:\/\/api.w.org\/{rel}","templated":true}]}}