{"id":261,"date":"2026-02-19T10:55:40","date_gmt":"2026-02-19T09:55:40","guid":{"rendered":"https:\/\/www.sidemast.org\/congresso\/2026\/?page_id=261"},"modified":"2026-03-11T17:29:02","modified_gmt":"2026-03-11T16:29:02","slug":"faculty","status":"publish","type":"page","link":"https:\/\/www.sidemast.org\/congresso\/2026\/faculty\/","title":{"rendered":"Faculty"},"content":{"rendered":"\n<h3 class=\"wp-block-heading\">Centro Slide<\/h3>\n\n\n\n<p>Si trova nell\u2019area delle sale delle sessioni scientifiche presso la&nbsp;SALA DEL CASTELLO.<br>\u00c8 aperta per assistere i relatori del Programma Scientifico del Congresso e delle sessioni di Comunicazioni Libere.<br>Si prega di assicurarsi di fornire la versione finale della presentazione&nbsp;almeno due (2) ore&nbsp;prima dell\u2019orario previsto per il proprio intervento.<\/p>\n\n\n\n<p><strong>Formato della presentazione<\/strong><strong><\/strong><\/p>\n\n\n\n<ul class=\"wp-block-list\">\n<li>Sono accettate esclusivamente presentazioni in Microsoft PowerPoint, versioni Office 2013, 2016, 2019, 2021 o Microsoft 365. La versione di PowerPoint utilizzata nelle sale congressuali \u00e8 Microsoft PowerPoint 2021 per garantire la massima compatibilit\u00e0.<\/li>\n\n\n\n<li>Il formato di proiezione sar\u00e0 16:9, pertanto le presentazioni dovranno essere impostate nello stesso formato. Qualora venga utilizzato il formato 4:3, saranno visibili bande nere ai lati sinistro e destro dello schermo di proiezione.<\/li>\n\n\n\n<li>Si raccomanda vivamente di utilizzare caratteri chiari e facilmente leggibili. La dimensione del testo non deve mai essere inferiore a 18 pt. 24 pt o superiore \u00e8 altamente consigliato.<\/li>\n\n\n\n<li>Si consiglia di strutturare le diapositive con elenchi puntati e contenuti sintetici, mantenendo i punti brevi e chiari per facilitare la lettura e mantenere alta l\u2019attenzione del pubblico.<\/li>\n\n\n\n<li>Le presentazioni devono essere consegnate su chiavetta USB. Non \u00e8 consentito l\u2019utilizzo di computer portatili personali nelle sale. Si raccomanda pertanto di portare con s\u00e9 la chiavetta USB contenente la presentazione finale.<\/li>\n\n\n\n<li>Le immagini devono essere nei seguenti formati: .jpg, .jpeg, .png, .gif, .tiff o .bmp. Il formato .pict non \u00e8 supportato.<\/li>\n\n\n\n<li>I file video inseriti nelle presentazioni PowerPoint devono essere preferibilmente nei formati .mp4 (consigliato) o .wmv. Sono supportati anche .avi, .mpg, .mov e .mpeg.<\/li>\n\n\n\n<li>Se si utilizzano versioni di PowerPoint 2013 o successive (2016, 2019, 2021 o Microsoft 365), i file video devono essere incorporati direttamente nella presentazione e non collegati esternamente.<\/li>\n<\/ul>\n\n\n\n<p><strong>Date e orari Centro slide<\/strong><br>Marted\u00ec 21 aprile 2026 dalle ore 12.00 alle 17.00<br>Mercoled\u00ec 22 aprile 2026 dalle ore 08.00 alle ore 17.00<br>Gioved\u00ec 23 aprile 2026 dalle ore 08.00 alle ore 17.00<br>Venerd\u00ec 24 aprile 2026 dalle ore 08.00 alle ore 12.00<\/p>\n\n\n\n\n\n\n\n<div class=\"wp-block-buttons is-layout-flex wp-block-buttons-is-layout-flex\">\n<div class=\"wp-block-button\"><a class=\"wp-block-button__link wp-element-button\" href=\"https:\/\/www.sidemast.org\/congresso\/2026\/wp-content\/uploads\/2026\/03\/SIDEMAST2026_Format-PPT.pptx\" target=\"_blank\" rel=\"noreferrer noopener\">SCARICA IL FORMAT PPT<\/a><\/div>\n<\/div>\n\n\n\n\n","protected":false},"excerpt":{"rendered":"<p>Centro Slide Si trova nell\u2019area delle sale delle sessioni scientifiche presso la&nbsp;SALA DEL CASTELLO.\u00c8 aperta per assistere i relatori del Programma Scientifico del Congresso e delle sessioni di Comunicazioni Libere.Si prega di assicurarsi di fornire la versione finale della presentazione&nbsp;almeno due (2) ore&nbsp;prima dell\u2019orario previsto per il proprio intervento. Formato della presentazione Date e orari [&hellip;]<\/p>\n","protected":false},"author":1,"featured_media":0,"parent":0,"menu_order":0,"comment_status":"closed","ping_status":"closed","template":"","meta":{"footnotes":""},"class_list":["post-261","page","type-page","status-publish","hentry"],"_links":{"self":[{"href":"https:\/\/www.sidemast.org\/congresso\/2026\/wp-json\/wp\/v2\/pages\/261","targetHints":{"allow":["GET"]}}],"collection":[{"href":"https:\/\/www.sidemast.org\/congresso\/2026\/wp-json\/wp\/v2\/pages"}],"about":[{"href":"https:\/\/www.sidemast.org\/congresso\/2026\/wp-json\/wp\/v2\/types\/page"}],"author":[{"embeddable":true,"href":"https:\/\/www.sidemast.org\/congresso\/2026\/wp-json\/wp\/v2\/users\/1"}],"replies":[{"embeddable":true,"href":"https:\/\/www.sidemast.org\/congresso\/2026\/wp-json\/wp\/v2\/comments?post=261"}],"version-history":[{"count":14,"href":"https:\/\/www.sidemast.org\/congresso\/2026\/wp-json\/wp\/v2\/pages\/261\/revisions"}],"predecessor-version":[{"id":317,"href":"https:\/\/www.sidemast.org\/congresso\/2026\/wp-json\/wp\/v2\/pages\/261\/revisions\/317"}],"wp:attachment":[{"href":"https:\/\/www.sidemast.org\/congresso\/2026\/wp-json\/wp\/v2\/media?parent=261"}],"curies":[{"name":"wp","href":"https:\/\/api.w.org\/{rel}","templated":true}]}}