{"id":258,"date":"2026-02-19T10:54:08","date_gmt":"2026-02-19T09:54:08","guid":{"rendered":"https:\/\/www.sidemast.org\/congresso\/2026\/?page_id=258"},"modified":"2026-03-20T15:31:13","modified_gmt":"2026-03-20T14:31:13","slug":"info-congresso","status":"publish","type":"page","link":"https:\/\/www.sidemast.org\/congresso\/2026\/info-congresso\/","title":{"rendered":"Info Congresso"},"content":{"rendered":"\n<p><strong>Area Accrediti<\/strong><br>I desk accrediti si trovano al piano terra della sede congressuale.<\/p>\n\n\n\n<p><strong>Date e orari dell\u2019area accrediti<\/strong><br>Marted\u00ec 21 aprile 2026 dalle ore 12.00 alle 18.00<br>Mercoled\u00ec 22 aprile 2026 dalle ore 08.00 alle ore 18.00<br>Gioved\u00ec 23 aprile 2026 dalle ore 08.00 alle ore 18..00<br>Venerd\u00ec 24 aprile 2026 dalle ore 08.00 alle ore 14..00<\/p>\n\n\n\n<p><strong>Date e orari del congresso<\/strong><br>Marted\u00ec 21 Aprile dalle ore 14:30 alle 19:00<br>Mercoled\u00ec 22 aprile dalle ore 08:30 to 18:30<br>Gioved\u00ec 23 Aprile dalle ore 08:30 to 18:30<br>Venerd\u00ec 24 aprile dalle ore 08.00 alle ore 14.00<\/p>\n\n\n\n<p><strong>Area Espositiva<\/strong><br>L\u2019area espositiva \u00e8 allestita al piano terra presso la <strong>SALA ARENA<\/strong> ed osserva i seguenti orari:<br>Marted\u00ec 21 aprile 2026 dalle ore 19.00 alle 20.30<br>Mercoled\u00ec 22 aprile 2026 dalle ore 08.00 alle ore 18.30<br>Gioved\u00ec 23 aprile 2026 dalle ore 08.00 alle ore 18..30<br>Venerd\u00ec 24 aprile 2026 dalle ore 08.00 alle ore 14..00<\/p>\n\n\n\n<p><strong>Guardaroba<br><\/strong>Il servizio guardaroba \u00e8 disponibile gratuitamente al piano &#8211; 1<\/p>\n\n\n\n<p><strong>DermaLand<\/strong><br>L\u2019area Dermaland \u00e8 allestita al piano terra, foyer B. In quest\u2019area sono presenti le Case Editrici e le Associazioni Pazienti.<\/p>\n\n\n\n<p><strong>E-Poster Area<\/strong><br>I poster sono consultabili su monitor LCD ad alta risoluzione, situati nel Foyer C della sede congressuale, e sono disponibili per la consultazione nei seguenti orari:<\/p>\n\n\n\n<p>Marted\u00ec 21 Aprile dalle ore 14:30 alle 17:30<br>Mercoled\u00ec 22 aprile dalle ore 08:30 to 18:00<br>Gioved\u00ec 23 Aprile dalle ore 08:30 to 18:00<br>Venerd\u00ec 24 aprile dalle ore 08.00 alle ore 13.00<\/p>\n\n\n\n<p><strong>Centro Slide<\/strong><br>Si trova nell\u2019area delle sale delle sessioni scientifiche presso la <strong>SALA DEL CASTELLO<\/strong>.<br>\u00c8 aperta per assistere i relatori del Programma Scientifico del Congresso e delle sessioni di Comunicazioni Libere.<br>Si prega di assicurarsi di fornire la versione finale della presentazione <strong>almeno due (2) ore<\/strong> <strong>prima dell\u2019orario previsto per il proprio intervento<\/strong>.<br>Non \u00e8 consentito l\u2019uso di pc personali sia nel centro slide che nelle sale.<\/p>\n\n\n\n<p><strong>Lingua<\/strong><br>La lingua ufficiale del congresso <strong>\u00e8 l\u2019italiano<\/strong>. Non \u00e8 prevista traduzione simultanea.<\/p>\n\n\n\n<p><strong>Foto\/video del Congresso<\/strong><br>Durante lo svolgimento del Congresso, professionisti incaricati da Triumph Italy Srl Societ\u00e0 Benefit potranno scattare fotografie e\/o girare filmati. Tali registrazioni possono includere immagini del pubblico, delle sessioni e dei momenti ufficiali.<br>Tale materiale verr\u00e0 utilizzato per scopi strettamente connessi all\u2019evento (per esempio la pubblicazione sul sito internet del Congresso e sui relativi canali social).<br>L\u2019interessato \u00e8 informato della possibilit\u00e0 di apparire all\u2019interno di immagini e\/o degli audio e video realizzati nel corso dell\u2019evento e consapevolmente ne autorizza l\u2019utilizzo a titolo gratuito.<\/p>\n\n\n\n<h4 class=\"wp-block-heading\"><strong>PLANIMETRIA<\/strong><\/h4>\n\n\n\n<figure class=\"wp-block-image size-large\"><img loading=\"lazy\" decoding=\"async\" width=\"1024\" height=\"438\" src=\"https:\/\/www.sidemast.org\/congresso\/2026\/wp-content\/uploads\/2026\/03\/planimetria-1024x438.png?v=1774015370\" alt=\"\" class=\"wp-image-352\" srcset=\"https:\/\/www.sidemast.org\/congresso\/2026\/wp-content\/uploads\/2026\/03\/planimetria-1024x438.png 1024w, https:\/\/www.sidemast.org\/congresso\/2026\/wp-content\/uploads\/2026\/03\/planimetria-300x128.png 300w, https:\/\/www.sidemast.org\/congresso\/2026\/wp-content\/uploads\/2026\/03\/planimetria-768x328.png 768w, https:\/\/www.sidemast.org\/congresso\/2026\/wp-content\/uploads\/2026\/03\/planimetria.png 1500w\" sizes=\"auto, (max-width: 1024px) 100vw, 1024px\" \/><\/figure>\n\n\n\n<div class=\"wp-block-buttons is-layout-flex wp-block-buttons-is-layout-flex\">\n<div class=\"wp-block-button\"><a class=\"wp-block-button__link wp-element-button\" href=\"https:\/\/www.sidemast.org\/congresso\/2026\/wp-content\/uploads\/2026\/03\/planimetria.pdf\" target=\"_blank\" rel=\"noreferrer noopener\">Scarica planimetria pdf<\/a><\/div>\n<\/div>\n\n\n\n\n","protected":false},"excerpt":{"rendered":"<p>Area AccreditiI desk accrediti si trovano al piano terra della sede congressuale. Date e orari dell\u2019area accreditiMarted\u00ec 21 aprile 2026 dalle ore 12.00 alle 18.00Mercoled\u00ec 22 aprile 2026 dalle ore 08.00 alle ore 18.00Gioved\u00ec 23 aprile 2026 dalle ore 08.00 alle ore 18..00Venerd\u00ec 24 aprile 2026 dalle ore 08.00 alle ore 14..00 Date e orari [&hellip;]<\/p>\n","protected":false},"author":1,"featured_media":0,"parent":0,"menu_order":0,"comment_status":"closed","ping_status":"closed","template":"","meta":{"footnotes":""},"class_list":["post-258","page","type-page","status-publish","hentry"],"_links":{"self":[{"href":"https:\/\/www.sidemast.org\/congresso\/2026\/wp-json\/wp\/v2\/pages\/258","targetHints":{"allow":["GET"]}}],"collection":[{"href":"https:\/\/www.sidemast.org\/congresso\/2026\/wp-json\/wp\/v2\/pages"}],"about":[{"href":"https:\/\/www.sidemast.org\/congresso\/2026\/wp-json\/wp\/v2\/types\/page"}],"author":[{"embeddable":true,"href":"https:\/\/www.sidemast.org\/congresso\/2026\/wp-json\/wp\/v2\/users\/1"}],"replies":[{"embeddable":true,"href":"https:\/\/www.sidemast.org\/congresso\/2026\/wp-json\/wp\/v2\/comments?post=258"}],"version-history":[{"count":5,"href":"https:\/\/www.sidemast.org\/congresso\/2026\/wp-json\/wp\/v2\/pages\/258\/revisions"}],"predecessor-version":[{"id":357,"href":"https:\/\/www.sidemast.org\/congresso\/2026\/wp-json\/wp\/v2\/pages\/258\/revisions\/357"}],"wp:attachment":[{"href":"https:\/\/www.sidemast.org\/congresso\/2026\/wp-json\/wp\/v2\/media?parent=258"}],"curies":[{"name":"wp","href":"https:\/\/api.w.org\/{rel}","templated":true}]}}