{"id":210,"date":"2023-05-05T10:48:57","date_gmt":"2023-05-05T10:48:57","guid":{"rendered":"https:\/\/www.sidemast.org\/congresso\/2023\/?page_id=210"},"modified":"2023-05-30T07:43:18","modified_gmt":"2023-05-30T07:43:18","slug":"caccia-al-tesoro","status":"publish","type":"page","link":"https:\/\/www.sidemast.org\/congresso\/2023\/caccia-al-tesoro\/","title":{"rendered":"Caccia al tesoro"},"content":{"rendered":"<p>Al fine di rendere il Congresso pi\u00f9 dinamico ed interattivo, per questa edizione abbiamo pensato di organizzare una caccia al tesoro coinvolgendo tutti i partecipanti (medici e specializzandi).<\/p>\n<p>Il gioco sar\u00e0 articolato in <strong>tappe<\/strong> e <strong>squadre<\/strong>. Il <strong>tesoro finale<\/strong> sar\u00e0 un <strong>gadget<\/strong> targato <strong>SIDeMaST<\/strong>.<\/p>\n<p>Tutto si svolger\u00e0 all&#8217;interno dell\u2019area congressuale<\/p>\n<p><a href=\"mailto:alessandra@gigasweb.it\" class=\"buttone\" style=\"width: 210px;padding-top: 8px;\">Iscrivi la tua squadra<\/a><\/p>\n<p>*Ti ricordiamo che le squadre possono avere massimo 10 partecipanti.<\/p>\n<p><img loading=\"lazy\" class=\"alignnone wp-image-218 size-large\" src=\"https:\/\/www.sidemast.org\/congresso\/2023\/wp-content\/uploads\/2023\/05\/MdO_Mappa_EDIT-1024x612.jpg\" alt=\"\" width=\"640\" height=\"383\" srcset=\"https:\/\/www.sidemast.org\/congresso\/2023\/wp-content\/uploads\/2023\/05\/MdO_Mappa_EDIT-1024x612.jpg 1024w, https:\/\/www.sidemast.org\/congresso\/2023\/wp-content\/uploads\/2023\/05\/MdO_Mappa_EDIT-300x179.jpg 300w, https:\/\/www.sidemast.org\/congresso\/2023\/wp-content\/uploads\/2023\/05\/MdO_Mappa_EDIT-768x459.jpg 768w, https:\/\/www.sidemast.org\/congresso\/2023\/wp-content\/uploads\/2023\/05\/MdO_Mappa_EDIT-1536x918.jpg 1536w, https:\/\/www.sidemast.org\/congresso\/2023\/wp-content\/uploads\/2023\/05\/MdO_Mappa_EDIT.jpg 1920w\" sizes=\"(max-width: 640px) 100vw, 640px\" \/><\/p>\n","protected":false},"excerpt":{"rendered":"<p>Al fine di rendere il Congresso pi\u00f9 dinamico ed interattivo, per questa edizione abbiamo pensato di organizzare una caccia al tesoro coinvolgendo tutti i partecipanti (medici e specializzandi). Il gioco sar\u00e0 articolato in tappe e squadre. Il tesoro finale sar\u00e0 un gadget targato SIDeMaST. Tutto si svolger\u00e0 all&#8217;interno dell\u2019area congressuale Iscrivi la tua squadra *Ti [&hellip;]<\/p>\n","protected":false},"author":3,"featured_media":0,"parent":0,"menu_order":0,"comment_status":"closed","ping_status":"closed","template":"caccia-al-tesoro.php","meta":{"inline_featured_image":false},"yoast_head":"<!-- This site is optimized with the Yoast SEO plugin v19.14 - https:\/\/yoast.com\/wordpress\/plugins\/seo\/ -->\n<title>Caccia al tesoro - SIDeMaST2023<\/title>\n<meta name=\"robots\" content=\"index, follow, max-snippet:-1, max-image-preview:large, max-video-preview:-1\" \/>\n<link rel=\"canonical\" href=\"https:\/\/www.sidemast.org\/congresso\/2023\/caccia-al-tesoro\/\" \/>\n<meta property=\"og:locale\" content=\"it_IT\" \/>\n<meta property=\"og:type\" content=\"article\" \/>\n<meta property=\"og:title\" content=\"Caccia al tesoro - SIDeMaST2023\" \/>\n<meta property=\"og:description\" content=\"Al fine di rendere il Congresso pi\u00f9 dinamico ed interattivo, per questa edizione abbiamo pensato di organizzare una caccia al tesoro coinvolgendo tutti i partecipanti (medici e specializzandi). Il gioco sar\u00e0 articolato in tappe e squadre. Il tesoro finale sar\u00e0 un gadget targato SIDeMaST. Tutto si svolger\u00e0 all&#8217;interno dell\u2019area congressuale Iscrivi la tua squadra *Ti [&hellip;]\" \/>\n<meta property=\"og:url\" content=\"https:\/\/www.sidemast.org\/congresso\/2023\/caccia-al-tesoro\/\" \/>\n<meta property=\"og:site_name\" content=\"SIDeMaST2023\" \/>\n<meta property=\"article:publisher\" content=\"https:\/\/www.facebook.com\/SIDeMaST\/\" \/>\n<meta property=\"article:modified_time\" content=\"2023-05-30T07:43:18+00:00\" \/>\n<meta property=\"og:image\" content=\"https:\/\/www.sidemast.org\/congresso\/2023\/wp-content\/uploads\/2023\/05\/MdO_Mappa_EDIT-1024x612.jpg\" \/>\n<meta name=\"twitter:card\" content=\"summary_large_image\" \/>\n<meta name=\"twitter:site\" content=\"@sidemast\" \/>\n<meta name=\"twitter:label1\" content=\"Tempo di lettura stimato\" \/>\n\t<meta name=\"twitter:data1\" content=\"1 minuto\" \/>\n<script type=\"application\/ld+json\" class=\"yoast-schema-graph\">{\"@context\":\"https:\/\/schema.org\",\"@graph\":[{\"@type\":\"WebPage\",\"@id\":\"https:\/\/www.sidemast.org\/congresso\/2023\/caccia-al-tesoro\/\",\"url\":\"https:\/\/www.sidemast.org\/congresso\/2023\/caccia-al-tesoro\/\",\"name\":\"Caccia al tesoro - SIDeMaST2023\",\"isPartOf\":{\"@id\":\"https:\/\/www.sidemast.org\/congresso\/2023\/#website\"},\"datePublished\":\"2023-05-05T10:48:57+00:00\",\"dateModified\":\"2023-05-30T07:43:18+00:00\",\"breadcrumb\":{\"@id\":\"https:\/\/www.sidemast.org\/congresso\/2023\/caccia-al-tesoro\/#breadcrumb\"},\"inLanguage\":\"it-IT\",\"potentialAction\":[{\"@type\":\"ReadAction\",\"target\":[\"https:\/\/www.sidemast.org\/congresso\/2023\/caccia-al-tesoro\/\"]}]},{\"@type\":\"BreadcrumbList\",\"@id\":\"https:\/\/www.sidemast.org\/congresso\/2023\/caccia-al-tesoro\/#breadcrumb\",\"itemListElement\":[{\"@type\":\"ListItem\",\"position\":1,\"name\":\"Home\",\"item\":\"https:\/\/www.sidemast.org\/congresso\/2023\/\"},{\"@type\":\"ListItem\",\"position\":2,\"name\":\"Caccia al tesoro\"}]},{\"@type\":\"WebSite\",\"@id\":\"https:\/\/www.sidemast.org\/congresso\/2023\/#website\",\"url\":\"https:\/\/www.sidemast.org\/congresso\/2023\/\",\"name\":\"SIDeMaST2023\",\"description\":\"Just another WordPress site\",\"publisher\":{\"@id\":\"https:\/\/www.sidemast.org\/congresso\/2023\/#organization\"},\"potentialAction\":[{\"@type\":\"SearchAction\",\"target\":{\"@type\":\"EntryPoint\",\"urlTemplate\":\"https:\/\/www.sidemast.org\/congresso\/2023\/?s={search_term_string}\"},\"query-input\":\"required name=search_term_string\"}],\"inLanguage\":\"it-IT\"},{\"@type\":\"Organization\",\"@id\":\"https:\/\/www.sidemast.org\/congresso\/2023\/#organization\",\"name\":\"SIDeMaST\",\"url\":\"https:\/\/www.sidemast.org\/congresso\/2023\/\",\"logo\":{\"@type\":\"ImageObject\",\"inLanguage\":\"it-IT\",\"@id\":\"https:\/\/www.sidemast.org\/congresso\/2023\/#\/schema\/logo\/image\/\",\"url\":\"https:\/\/www.sidemast.org\/congresso\/2023\/wp-content\/uploads\/2022\/10\/group-5@3x.png\",\"contentUrl\":\"https:\/\/www.sidemast.org\/congresso\/2023\/wp-content\/uploads\/2022\/10\/group-5@3x.png\",\"width\":2322,\"height\":531,\"caption\":\"SIDeMaST\"},\"image\":{\"@id\":\"https:\/\/www.sidemast.org\/congresso\/2023\/#\/schema\/logo\/image\/\"},\"sameAs\":[\"https:\/\/www.instagram.com\/sidemast\/\",\"https:\/\/it.linkedin.com\/company\/sidemast\",\"https:\/\/www.facebook.com\/SIDeMaST\/\",\"https:\/\/twitter.com\/sidemast\"]}]}<\/script>\n<!-- \/ Yoast SEO plugin. -->","yoast_head_json":{"title":"Caccia al tesoro - SIDeMaST2023","robots":{"index":"index","follow":"follow","max-snippet":"max-snippet:-1","max-image-preview":"max-image-preview:large","max-video-preview":"max-video-preview:-1"},"canonical":"https:\/\/www.sidemast.org\/congresso\/2023\/caccia-al-tesoro\/","og_locale":"it_IT","og_type":"article","og_title":"Caccia al tesoro - SIDeMaST2023","og_description":"Al fine di rendere il Congresso pi\u00f9 dinamico ed interattivo, per questa edizione abbiamo pensato di organizzare una caccia al tesoro coinvolgendo tutti i partecipanti (medici e specializzandi). Il gioco sar\u00e0 articolato in tappe e squadre. Il tesoro finale sar\u00e0 un gadget targato SIDeMaST. Tutto si svolger\u00e0 all&#8217;interno dell\u2019area congressuale Iscrivi la tua squadra *Ti [&hellip;]","og_url":"https:\/\/www.sidemast.org\/congresso\/2023\/caccia-al-tesoro\/","og_site_name":"SIDeMaST2023","article_publisher":"https:\/\/www.facebook.com\/SIDeMaST\/","article_modified_time":"2023-05-30T07:43:18+00:00","og_image":[{"url":"https:\/\/www.sidemast.org\/congresso\/2023\/wp-content\/uploads\/2023\/05\/MdO_Mappa_EDIT-1024x612.jpg"}],"twitter_card":"summary_large_image","twitter_site":"@sidemast","twitter_misc":{"Tempo di lettura stimato":"1 minuto"},"schema":{"@context":"https:\/\/schema.org","@graph":[{"@type":"WebPage","@id":"https:\/\/www.sidemast.org\/congresso\/2023\/caccia-al-tesoro\/","url":"https:\/\/www.sidemast.org\/congresso\/2023\/caccia-al-tesoro\/","name":"Caccia al tesoro - SIDeMaST2023","isPartOf":{"@id":"https:\/\/www.sidemast.org\/congresso\/2023\/#website"},"datePublished":"2023-05-05T10:48:57+00:00","dateModified":"2023-05-30T07:43:18+00:00","breadcrumb":{"@id":"https:\/\/www.sidemast.org\/congresso\/2023\/caccia-al-tesoro\/#breadcrumb"},"inLanguage":"it-IT","potentialAction":[{"@type":"ReadAction","target":["https:\/\/www.sidemast.org\/congresso\/2023\/caccia-al-tesoro\/"]}]},{"@type":"BreadcrumbList","@id":"https:\/\/www.sidemast.org\/congresso\/2023\/caccia-al-tesoro\/#breadcrumb","itemListElement":[{"@type":"ListItem","position":1,"name":"Home","item":"https:\/\/www.sidemast.org\/congresso\/2023\/"},{"@type":"ListItem","position":2,"name":"Caccia al tesoro"}]},{"@type":"WebSite","@id":"https:\/\/www.sidemast.org\/congresso\/2023\/#website","url":"https:\/\/www.sidemast.org\/congresso\/2023\/","name":"SIDeMaST2023","description":"Just another WordPress site","publisher":{"@id":"https:\/\/www.sidemast.org\/congresso\/2023\/#organization"},"potentialAction":[{"@type":"SearchAction","target":{"@type":"EntryPoint","urlTemplate":"https:\/\/www.sidemast.org\/congresso\/2023\/?s={search_term_string}"},"query-input":"required name=search_term_string"}],"inLanguage":"it-IT"},{"@type":"Organization","@id":"https:\/\/www.sidemast.org\/congresso\/2023\/#organization","name":"SIDeMaST","url":"https:\/\/www.sidemast.org\/congresso\/2023\/","logo":{"@type":"ImageObject","inLanguage":"it-IT","@id":"https:\/\/www.sidemast.org\/congresso\/2023\/#\/schema\/logo\/image\/","url":"https:\/\/www.sidemast.org\/congresso\/2023\/wp-content\/uploads\/2022\/10\/group-5@3x.png","contentUrl":"https:\/\/www.sidemast.org\/congresso\/2023\/wp-content\/uploads\/2022\/10\/group-5@3x.png","width":2322,"height":531,"caption":"SIDeMaST"},"image":{"@id":"https:\/\/www.sidemast.org\/congresso\/2023\/#\/schema\/logo\/image\/"},"sameAs":["https:\/\/www.instagram.com\/sidemast\/","https:\/\/it.linkedin.com\/company\/sidemast","https:\/\/www.facebook.com\/SIDeMaST\/","https:\/\/twitter.com\/sidemast"]}]}},"_links":{"self":[{"href":"https:\/\/www.sidemast.org\/congresso\/2023\/wp-json\/wp\/v2\/pages\/210"}],"collection":[{"href":"https:\/\/www.sidemast.org\/congresso\/2023\/wp-json\/wp\/v2\/pages"}],"about":[{"href":"https:\/\/www.sidemast.org\/congresso\/2023\/wp-json\/wp\/v2\/types\/page"}],"author":[{"embeddable":true,"href":"https:\/\/www.sidemast.org\/congresso\/2023\/wp-json\/wp\/v2\/users\/3"}],"replies":[{"embeddable":true,"href":"https:\/\/www.sidemast.org\/congresso\/2023\/wp-json\/wp\/v2\/comments?post=210"}],"version-history":[{"count":18,"href":"https:\/\/www.sidemast.org\/congresso\/2023\/wp-json\/wp\/v2\/pages\/210\/revisions"}],"predecessor-version":[{"id":262,"href":"https:\/\/www.sidemast.org\/congresso\/2023\/wp-json\/wp\/v2\/pages\/210\/revisions\/262"}],"wp:attachment":[{"href":"https:\/\/www.sidemast.org\/congresso\/2023\/wp-json\/wp\/v2\/media?parent=210"}],"curies":[{"name":"wp","href":"https:\/\/api.w.org\/{rel}","templated":true}]}}