{"id":14865,"date":"2021-12-09T14:32:19","date_gmt":"2021-12-09T13:32:19","guid":{"rendered":"https:\/\/congresso.sidemast.org\/?page_id=14865"},"modified":"2022-06-16T12:41:52","modified_gmt":"2022-06-16T10:41:52","slug":"sponsor","status":"publish","type":"page","link":"https:\/\/www.sidemast.org\/congresso\/2022\/sponsor\/","title":{"rendered":"Sponsor"},"content":{"rendered":"<p>[vc_row][vc_column width=&#8221;1\/6&#8243;][\/vc_column][vc_column width=&#8221;2\/3&#8243;]<h3 class=\"grve-element grve-title grve-align-left grve-h3\" style=\"\"><span>Per le forme di sponsorizzazione previste la Segreteria Organizzativa \u00e8 a Vs completa disposizione<span class=\"grve-title-line grve-bg-primary-1\" style=\"width: 50px;height: 2px;\"><\/span><\/span><\/h3><div class=\"grve-empty-space grve-height-1x\" style=\"\"><\/div>[vc_column_text]<\/p>\n<p class=\"p2\"><strong><img loading=\"lazy\" class=\"alignnone wp-image-14857\" src=\"https:\/\/congresso.sidemast.org\/wp-content\/uploads\/2021\/12\/logo.jpg\" alt=\"\" width=\"153\" height=\"25\" \/><\/strong><\/p>\n<p class=\"p2\"><strong>Referente Triumph Italy<\/strong><\/p>\n<p class=\"p3\"><strong>Daniela Zibellini<\/strong><\/p>\n<ul class=\"ul1\">\n<li class=\"li4\"><strong><span class=\"s2\">Indirizzo <\/span><\/strong><span class=\"s3\">Via Lucilio 60 &#8211; 00136 Roma<\/span><\/li>\n<li class=\"li4\"><strong><span class=\"s2\">Tel. <\/span><\/strong><span class=\"s3\">+39 0635530207<\/span><\/li>\n<li class=\"li4\"><strong><span class=\"s2\">Fax <\/span><\/strong><span class=\"s3\">+39 06 35530250<\/span><\/li>\n<li class=\"li4\"><strong><span class=\"s2\">Mob. <\/span><\/strong><span class=\"s3\">+39 3409841080<\/span><\/li>\n<li class=\"li4\"><strong><span class=\"s2\">Email <\/span><\/strong><a href=\"mailto:sponsor.dermatologia2022@thetriumph.com\"><span class=\"s3\">sponsor.dermatologia2022@thetriumph.com<\/span><\/a><\/li>\n<\/ul>\n<p>[\/vc_column_text][vc_row_inner][vc_column_inner][vc_column_text]Relativamente all\u2019accredito dell\u2019Evento e dalla \u201cpre-registrazione\u201d presso l\u2019AIFA, si ricorda che sar\u00e0 indispensabile ricevere conferma scritta della\u00a0<strong>vs partecipazione<\/strong>(far\u00e0 fede il contratto di sponsorizzazione ECM standard che sar\u00e0 inviato dalla Segreteria Organizzativa e che dovr\u00e0 essere debitamente firmato e timbrato per accettazione) entro e non oltre il\u00a0<strong>15 febbraio 2022<\/strong><b>.<\/b><\/p>\n<p><strong><i>Come indicato dai termini contrattuali il pagamento dovr\u00e0 pervenire, contestualmente all\u2019invio del contratto<\/i><i>.<\/i><\/strong>[\/vc_column_text][\/vc_column_inner][\/vc_row_inner][\/vc_column][vc_column width=&#8221;1\/6&#8243;][\/vc_column][\/vc_row][vc_row][vc_column width=&#8221;1\/4&#8243;]<div class=\"grve-element grve-image grve-animated-item grve-duration-normal grve-fade-in-up grve-align-center\" style=\"\" data-delay=\"200\">  <div class=\"grve-image-wrapper\"><img width=\"223\" height=\"156\" src=\"https:\/\/www.sidemast.org\/congresso\/2022\/wp-content\/uploads\/2022\/06\/abbvie-logo.jpg\" class=\"attachment-full size-full\" alt=\"abbvie logo\" loading=\"lazy\" \/>   <\/div><\/div>[\/vc_column][vc_column width=&#8221;1\/4&#8243;]<div class=\"grve-element grve-image grve-animated-item grve-duration-normal grve-fade-in-up grve-align-center\" style=\"\" data-delay=\"200\">  <div class=\"grve-image-wrapper\"><a href=\"https:\/\/amrytpharma.com\/\" target=\"_blank\" rel=\"noopener noreferrer\"><img width=\"223\" height=\"156\" src=\"https:\/\/www.sidemast.org\/congresso\/2022\/wp-content\/uploads\/2022\/06\/amryt-pharma-logo.jpg\" class=\"attachment-full size-full\" alt=\"amryt pharma logo\" loading=\"lazy\" \/><\/a>   <\/div><\/div>[\/vc_column][vc_column width=&#8221;1\/4&#8243;]<div class=\"grve-element grve-image grve-animated-item grve-duration-normal grve-fade-in-up grve-align-center\" style=\"\" data-delay=\"200\">  <div class=\"grve-image-wrapper\"><a href=\"https:\/\/www.boehringer-ingelheim.it\/\" target=\"_blank\" rel=\"noopener noreferrer\"><img width=\"223\" height=\"156\" src=\"https:\/\/www.sidemast.org\/congresso\/2022\/wp-content\/uploads\/2022\/06\/BOEHRINGER-INGELHEIM.jpg\" class=\"attachment-full size-full\" alt=\"BOEHRINGER INGELHEIM\" loading=\"lazy\" \/><\/a>   <\/div><\/div>[\/vc_column][vc_column width=&#8221;1\/4&#8243;]<div class=\"grve-element grve-image grve-animated-item grve-duration-normal grve-fade-in-up grve-align-center\" style=\"\" data-delay=\"200\">  <div class=\"grve-image-wrapper\"><a href=\"https:\/\/cantabrialabsdifacooper.it\/\" target=\"_blank\" rel=\"noopener noreferrer\"><img width=\"223\" height=\"156\" src=\"https:\/\/www.sidemast.org\/congresso\/2022\/wp-content\/uploads\/2022\/06\/difa-cooper.jpg\" class=\"attachment-full size-full\" alt=\"difa cooper\" loading=\"lazy\" \/><\/a>   <\/div><\/div>[\/vc_column][\/vc_row][vc_row][vc_column width=&#8221;1\/4&#8243;]<div class=\"grve-element grve-image grve-animated-item grve-duration-normal grve-fade-in-up grve-align-center\" style=\"\" data-delay=\"200\">  <div class=\"grve-image-wrapper\"><a href=\"https:\/\/www.docplanner.com\/\" target=\"_blank\" rel=\"noopener noreferrer\"><img width=\"223\" height=\"156\" src=\"https:\/\/www.sidemast.org\/congresso\/2022\/wp-content\/uploads\/2022\/06\/docplanner-italy.jpg\" class=\"attachment-full size-full\" alt=\"docplanner italy\" loading=\"lazy\" \/><\/a>   <\/div><\/div>[\/vc_column][vc_column width=&#8221;1\/4&#8243;]<div class=\"grve-element grve-image grve-animated-item grve-duration-normal grve-fade-in-up grve-align-center\" style=\"\" data-delay=\"200\">  <div class=\"grve-image-wrapper\"><a href=\"https:\/\/www.pfizer.it\/cont\/pfizer-italia\/pfizer-italia.asp\" target=\"_blank\" rel=\"noopener noreferrer\"><img width=\"223\" height=\"156\" src=\"https:\/\/www.sidemast.org\/congresso\/2022\/wp-content\/uploads\/2022\/06\/pfizer-new.jpg\" class=\"attachment-full size-full\" alt=\"pfizer new\" loading=\"lazy\" \/><\/a>   <\/div><\/div>[\/vc_column][vc_column width=&#8221;1\/4&#8243;]<div class=\"grve-element grve-image grve-animated-item grve-duration-normal grve-fade-in-up grve-align-center\" style=\"\" data-delay=\"200\">  <div class=\"grve-image-wrapper\"><a href=\"https:\/\/www.pierre-fabre.com\/it-it\" target=\"_blank\" rel=\"noopener noreferrer\"><img width=\"223\" height=\"156\" src=\"https:\/\/www.sidemast.org\/congresso\/2022\/wp-content\/uploads\/2022\/06\/Pierre-fabre.jpg\" class=\"attachment-full size-full\" alt=\"Pierre fabre\" loading=\"lazy\" \/><\/a>   <\/div><\/div>[\/vc_column][vc_column width=&#8221;1\/4&#8243;]<div class=\"grve-element grve-image grve-animated-item grve-duration-normal grve-fade-in-up grve-align-center\" style=\"\" data-delay=\"200\">  <div class=\"grve-image-wrapper\"><a href=\"https:\/\/www.relifecompany.it\/\" target=\"_blank\" rel=\"noopener noreferrer\"><img width=\"223\" height=\"156\" src=\"https:\/\/www.sidemast.org\/congresso\/2022\/wp-content\/uploads\/2022\/06\/relife-italia.jpg\" class=\"attachment-full size-full\" alt=\"relife italia\" loading=\"lazy\" \/><\/a>   <\/div><\/div>[\/vc_column][\/vc_row][vc_row][vc_column width=&#8221;1\/2&#8243;]<div class=\"grve-empty-space grve-height-1x\" style=\"\"><\/div><style type=\"text\/css\">.grve-title-gradient.grve-title-69d2a0408d941 > span,.grve-title-gradient.grve-title-69d2a0408d941 .grve-clipping-content > span {color: #bf3b39;background-image: -moz-linear-gradient(-45deg, #bf3b39 0%, #e36f00 100%);background-image: -webkit-linear-gradient(-45deg, #bf3b39 0%, #e36f00 100%);background-image: linear-gradient(135deg, #bf3b39 0%, #e36f00 100%);}<\/style><h2 class=\"grve-element grve-title grve-align-left grve-animated-item grve-duration-normal grve-fade-in-up grve-h2 grve-title-gradient grve-title-69d2a0408d941\" style=\"\" data-delay=\"200\"><span>Grazie al contributo non condizionante di:<\/span><\/h2><div class=\"grve-empty-space grve-height-1x\" style=\"\"><\/div>[vc_column_text animation=&#8221;grve-fade-in-up&#8221;]<\/p>\n<ul>\n<li>Abbvie SRL<\/li>\n<li>Abiogen pharma SPA<\/li>\n<li>Acqua Rocchetta<\/li>\n<li>Ad biomicroscopy<\/li>\n<li>Alfasigma SPA<\/li>\n<li>Almirall SPA<\/li>\n<li>Amgen S.R.L. A SOCIO UNICO<\/li>\n<li>Amryt pharma Italy SRL<\/li>\n<li>APS SRL<\/li>\n<li>Beiersdorf SPA<\/li>\n<li>Boehringer Ingelheim Italia SPA CANFIELD SCIENTIFIC SRL<\/li>\n<li>Cieffe derma SRL<\/li>\n<li>Deka M.E.L.A. SRL<\/li>\n<li>Difa Cooper SPA<\/li>\n<li>Doc planner Italy SRL<\/li>\n<li>Doctolib SRL<\/li>\n<li>Eli Lilly ITALIA SPA<\/li>\n<li>Farmaceutici Damor SPA<\/li>\n<li>Fotofinder Italia SRL<\/li>\n<li>Gavimedica SRL<\/li>\n<li>Galderma Italia SPA<\/li>\n<li>General topics SRL<\/li>\n<li>Giuliani SPA<\/li>\n<li>Heine Optotechnik GMBH &amp; CO. KG ICIM INTERNATIONAL SRL A SOCIO UNICO<\/li>\n<\/ul>\n<p>[\/vc_column_text][\/vc_column][vc_column width=&#8221;1\/2&#8243;]<div class=\"grve-empty-space grve-height-1x\" style=\"\"><\/div><style type=\"text\/css\">.grve-title-gradient.grve-title-69d2a0408d99b > span,.grve-title-gradient.grve-title-69d2a0408d99b .grve-clipping-content > span {color: #bf3b39;background-image: -moz-linear-gradient(-45deg, #bf3b39 0%, #e36f00 100%);background-image: -webkit-linear-gradient(-45deg, #bf3b39 0%, #e36f00 100%);background-image: linear-gradient(135deg, #bf3b39 0%, #e36f00 100%);}<\/style><h2 class=\"grve-element grve-title grve-align-left grve-animated-item grve-duration-normal grve-fade-in-up grve-h2 grve-title-gradient grve-title-69d2a0408d99b\" style=\"\" data-delay=\"200\"><span><\/span><\/h2><div class=\"grve-empty-space grve-height-1x\" style=\"\"><\/div>[vc_column_text animation=&#8221;grve-fade-in-up&#8221;]<\/p>\n<ul>\n<li>Idi farmaceutici SRL<\/li>\n<li>Isdin SRL<\/li>\n<li>Istituto Ganassini Spa di ricerche biochimiche Janssen &#8211; Cilag SPA<\/li>\n<li>Kyowa Kirin SRL<\/li>\n<li>Laboratoires Bailleul SRL<\/li>\n<li>Leo Pharma SPA<\/li>\n<li>Logofarma SPA<\/li>\n<li>L\u2019ore\u0301al italia S.P.A &#8211; Active cosmetics division Msd italia SRL<\/li>\n<li>Naos Italia Srl divisione Bioderma<\/li>\n<li>Novartis Farma SPA<\/li>\n<li>Oncobeta GMBH<\/li>\n<li>Pfizer SRL<\/li>\n<li>Pierre Fabre Italia SPA con Unico Azionista Recordati rare disease Italy SRL<\/li>\n<li>Relife Italia SRL<\/li>\n<li>Sandoz SPA<\/li>\n<li>Sanofi SRL<\/li>\n<li>Savoma medicinali SPA<\/li>\n<li>Sifarma SPA<\/li>\n<li>Sun pharmaceutical industries Europe b.V. Takeda Italia SPA<\/li>\n<li>UCB Pharma SPA<\/li>\n<li>Unifarco SPA<\/li>\n<li>Valetudo SRL<\/li>\n<\/ul>\n<p>[\/vc_column_text][\/vc_column][\/vc_row][vc_row][vc_column width=&#8221;1\/2&#8243;]<div class=\"grve-empty-space grve-height-1x\" style=\"\"><\/div><style type=\"text\/css\">.grve-title-gradient.grve-title-69d2a0408d9dd > span,.grve-title-gradient.grve-title-69d2a0408d9dd .grve-clipping-content > span {color: #bf3b39;background-image: -moz-linear-gradient(-45deg, #bf3b39 0%, #e36f00 100%);background-image: -webkit-linear-gradient(-45deg, #bf3b39 0%, #e36f00 100%);background-image: linear-gradient(135deg, #bf3b39 0%, #e36f00 100%);}<\/style><h2 class=\"grve-element grve-title grve-align-left grve-animated-item grve-duration-normal grve-fade-in-up grve-h2 grve-title-gradient grve-title-69d2a0408d9dd\" style=\"\" data-delay=\"200\"><span>Ringraziamo Inoltre:<\/span><\/h2><div class=\"grve-empty-space grve-height-1x\" style=\"\"><\/div><h3 class=\"grve-element grve-title grve-align-left grve-animated-item grve-duration-normal grve-fade-in-up grve-h3\" style=\"\" data-delay=\"200\"><span>Case Editrici<span class=\"grve-title-line grve-bg-primary-1\" style=\"width: 50px;height: 2px;\"><\/span><\/span><\/h3>[vc_column_text animation=&#8221;grve-fade-in-up&#8221;]Edizioni minerva medica S.P.A.<br \/>\nGriffin SRL UNIPERSONALE<br \/>\nPiccin nuova libraria S.P.A.<br \/>\nTecniche nuove S.P.A.[\/vc_column_text]<div class=\"grve-empty-space grve-height-1x\" style=\"\"><\/div><h3 class=\"grve-element grve-title grve-align-left grve-animated-item grve-duration-normal grve-fade-in-up grve-h3\" style=\"\" data-delay=\"200\"><span>Associazioni Pazienti<span class=\"grve-title-line grve-bg-primary-1\" style=\"width: 50px;height: 2px;\"><\/span><\/span><\/h3>[vc_column_text animation=&#8221;grve-fade-in-up&#8221;]A.DI.PSO. \u2013 Associazione per la difesa degli psoriasici<br \/>\nAILS \u2013 Onlus associazione italiana lotta alla sclerodermia<br \/>\nA.N.A.A. \u2013 Associazione nazionale alopecia areata<br \/>\nANDeA \u2013 Associazione nazionale dermatite atopica<br \/>\nAPIAFCO \u2013 Associazione psoriaci italiani amici della Fondazione Corazza<br \/>\nGILS \u2013 Gruppo italiano per la lotta alla sclerodermia<br \/>\nUNITI \u2013 Unione italiana ittiosi[\/vc_column_text][\/vc_column][vc_column width=&#8221;1\/2&#8243;][\/vc_column][\/vc_row][vc_row][vc_column]<div class=\"grve-empty-space grve-height-1x\" style=\"\"><\/div>[\/vc_column][\/vc_row]<\/p>\n","protected":false},"excerpt":{"rendered":"<p>[vc_row][vc_column width=&#8221;1\/6&#8243;][\/vc_column][vc_column width=&#8221;2\/3&#8243;][vc_column_text] Referente Triumph Italy Daniela Zibellini Indirizzo Via Lucilio 60 &#8211; 00136 Roma Tel. +39 0635530207 Fax +39 06 35530250 Mob. +39 3409841080 Email sponsor.dermatologia2022@thetriumph.com [\/vc_column_text][vc_row_inner][vc_column_inner][vc_column_text]Relativamente all\u2019accredito dell\u2019Evento e dalla \u201cpre-registrazione\u201d presso l\u2019AIFA, si ricorda che sar\u00e0 indispensabile ricevere conferma scritta della\u00a0vs partecipazione(far\u00e0 fede il contratto di sponsorizzazione ECM standard che sar\u00e0 inviato [&hellip;]<\/p>\n","protected":false},"author":1,"featured_media":0,"parent":0,"menu_order":0,"comment_status":"closed","ping_status":"closed","template":"","meta":[],"yoast_head":"<!-- This site is optimized with the Yoast SEO plugin v18.6 - https:\/\/yoast.com\/wordpress\/plugins\/seo\/ -->\n<title>Sponsor | Congresso Nazionale SIDeMaST<\/title>\n<meta name=\"robots\" content=\"index, follow, max-snippet:-1, max-image-preview:large, max-video-preview:-1\" \/>\n<link rel=\"canonical\" href=\"https:\/\/www.sidemast.org\/congresso\/2022\/sponsor\/\" \/>\n<meta property=\"og:locale\" content=\"it_IT\" \/>\n<meta property=\"og:type\" content=\"article\" \/>\n<meta property=\"og:title\" content=\"Sponsor | Congresso Nazionale SIDeMaST\" \/>\n<meta property=\"og:description\" content=\"[vc_row][vc_column width=&#8221;1\/6&#8243;][\/vc_column][vc_column width=&#8221;2\/3&#8243;][vc_column_text] Referente Triumph Italy Daniela Zibellini Indirizzo Via Lucilio 60 &#8211; 00136 Roma Tel. +39 0635530207 Fax +39 06 35530250 Mob. +39 3409841080 Email sponsor.dermatologia2022@thetriumph.com [\/vc_column_text][vc_row_inner][vc_column_inner][vc_column_text]Relativamente all\u2019accredito dell\u2019Evento e dalla \u201cpre-registrazione\u201d presso l\u2019AIFA, si ricorda che sar\u00e0 indispensabile ricevere conferma scritta della\u00a0vs partecipazione(far\u00e0 fede il contratto di sponsorizzazione ECM standard che sar\u00e0 inviato [&hellip;]\" \/>\n<meta property=\"og:url\" content=\"https:\/\/www.sidemast.org\/congresso\/2022\/sponsor\/\" \/>\n<meta property=\"og:site_name\" content=\"Congresso Nazionale SIDeMaST\" \/>\n<meta property=\"article:modified_time\" content=\"2022-06-16T10:41:52+00:00\" \/>\n<meta property=\"og:image\" content=\"https:\/\/congresso.sidemast.org\/wp-content\/uploads\/2021\/12\/logo.jpg\" \/>\n<meta name=\"twitter:card\" content=\"summary_large_image\" \/>\n<meta name=\"twitter:label1\" content=\"Tempo di lettura stimato\" \/>\n\t<meta name=\"twitter:data1\" content=\"3 minuti\" \/>\n<script type=\"application\/ld+json\" class=\"yoast-schema-graph\">{\"@context\":\"https:\/\/schema.org\",\"@graph\":[{\"@type\":\"Organization\",\"@id\":\"https:\/\/www.sidemast.org\/congresso\/2022\/#organization\",\"name\":\"SIDeMaST\",\"url\":\"https:\/\/www.sidemast.org\/congresso\/2022\/\",\"sameAs\":[],\"logo\":{\"@type\":\"ImageObject\",\"@id\":\"https:\/\/www.sidemast.org\/congresso\/2022\/#logo\",\"inLanguage\":\"it-IT\",\"url\":\"https:\/\/congresso.sidemast.org\/wp-content\/uploads\/2021\/11\/loghi-accorpati-colored.png\",\"contentUrl\":\"https:\/\/congresso.sidemast.org\/wp-content\/uploads\/2021\/11\/loghi-accorpati-colored.png\",\"width\":254,\"height\":68,\"caption\":\"SIDeMaST\"},\"image\":{\"@id\":\"https:\/\/www.sidemast.org\/congresso\/2022\/#logo\"}},{\"@type\":\"WebSite\",\"@id\":\"https:\/\/www.sidemast.org\/congresso\/2022\/#website\",\"url\":\"https:\/\/www.sidemast.org\/congresso\/2022\/\",\"name\":\"Congresso Nazionale SIDeMaST\",\"description\":\"\",\"publisher\":{\"@id\":\"https:\/\/www.sidemast.org\/congresso\/2022\/#organization\"},\"potentialAction\":[{\"@type\":\"SearchAction\",\"target\":{\"@type\":\"EntryPoint\",\"urlTemplate\":\"https:\/\/www.sidemast.org\/congresso\/2022\/?s={search_term_string}\"},\"query-input\":\"required name=search_term_string\"}],\"inLanguage\":\"it-IT\"},{\"@type\":\"ImageObject\",\"@id\":\"https:\/\/www.sidemast.org\/congresso\/2022\/sponsor\/#primaryimage\",\"inLanguage\":\"it-IT\",\"url\":\"https:\/\/congresso.sidemast.org\/wp-content\/uploads\/2021\/12\/logo.jpg\",\"contentUrl\":\"https:\/\/congresso.sidemast.org\/wp-content\/uploads\/2021\/12\/logo.jpg\"},{\"@type\":\"WebPage\",\"@id\":\"https:\/\/www.sidemast.org\/congresso\/2022\/sponsor\/#webpage\",\"url\":\"https:\/\/www.sidemast.org\/congresso\/2022\/sponsor\/\",\"name\":\"Sponsor | Congresso Nazionale SIDeMaST\",\"isPartOf\":{\"@id\":\"https:\/\/www.sidemast.org\/congresso\/2022\/#website\"},\"primaryImageOfPage\":{\"@id\":\"https:\/\/www.sidemast.org\/congresso\/2022\/sponsor\/#primaryimage\"},\"datePublished\":\"2021-12-09T13:32:19+00:00\",\"dateModified\":\"2022-06-16T10:41:52+00:00\",\"breadcrumb\":{\"@id\":\"https:\/\/www.sidemast.org\/congresso\/2022\/sponsor\/#breadcrumb\"},\"inLanguage\":\"it-IT\",\"potentialAction\":[{\"@type\":\"ReadAction\",\"target\":[\"https:\/\/www.sidemast.org\/congresso\/2022\/sponsor\/\"]}]},{\"@type\":\"BreadcrumbList\",\"@id\":\"https:\/\/www.sidemast.org\/congresso\/2022\/sponsor\/#breadcrumb\",\"itemListElement\":[{\"@type\":\"ListItem\",\"position\":1,\"name\":\"Home\",\"item\":\"https:\/\/www.sidemast.org\/congresso\/2022\/\"},{\"@type\":\"ListItem\",\"position\":2,\"name\":\"Sponsor\"}]}]}<\/script>\n<!-- \/ Yoast SEO plugin. -->","yoast_head_json":{"title":"Sponsor | Congresso Nazionale SIDeMaST","robots":{"index":"index","follow":"follow","max-snippet":"max-snippet:-1","max-image-preview":"max-image-preview:large","max-video-preview":"max-video-preview:-1"},"canonical":"https:\/\/www.sidemast.org\/congresso\/2022\/sponsor\/","og_locale":"it_IT","og_type":"article","og_title":"Sponsor | Congresso Nazionale SIDeMaST","og_description":"[vc_row][vc_column width=&#8221;1\/6&#8243;][\/vc_column][vc_column width=&#8221;2\/3&#8243;][vc_column_text] Referente Triumph Italy Daniela Zibellini Indirizzo Via Lucilio 60 &#8211; 00136 Roma Tel. +39 0635530207 Fax +39 06 35530250 Mob. +39 3409841080 Email sponsor.dermatologia2022@thetriumph.com [\/vc_column_text][vc_row_inner][vc_column_inner][vc_column_text]Relativamente all\u2019accredito dell\u2019Evento e dalla \u201cpre-registrazione\u201d presso l\u2019AIFA, si ricorda che sar\u00e0 indispensabile ricevere conferma scritta della\u00a0vs partecipazione(far\u00e0 fede il contratto di sponsorizzazione ECM standard che sar\u00e0 inviato [&hellip;]","og_url":"https:\/\/www.sidemast.org\/congresso\/2022\/sponsor\/","og_site_name":"Congresso Nazionale SIDeMaST","article_modified_time":"2022-06-16T10:41:52+00:00","og_image":[{"url":"https:\/\/congresso.sidemast.org\/wp-content\/uploads\/2021\/12\/logo.jpg"}],"twitter_card":"summary_large_image","twitter_misc":{"Tempo di lettura stimato":"3 minuti"},"schema":{"@context":"https:\/\/schema.org","@graph":[{"@type":"Organization","@id":"https:\/\/www.sidemast.org\/congresso\/2022\/#organization","name":"SIDeMaST","url":"https:\/\/www.sidemast.org\/congresso\/2022\/","sameAs":[],"logo":{"@type":"ImageObject","@id":"https:\/\/www.sidemast.org\/congresso\/2022\/#logo","inLanguage":"it-IT","url":"https:\/\/congresso.sidemast.org\/wp-content\/uploads\/2021\/11\/loghi-accorpati-colored.png","contentUrl":"https:\/\/congresso.sidemast.org\/wp-content\/uploads\/2021\/11\/loghi-accorpati-colored.png","width":254,"height":68,"caption":"SIDeMaST"},"image":{"@id":"https:\/\/www.sidemast.org\/congresso\/2022\/#logo"}},{"@type":"WebSite","@id":"https:\/\/www.sidemast.org\/congresso\/2022\/#website","url":"https:\/\/www.sidemast.org\/congresso\/2022\/","name":"Congresso Nazionale SIDeMaST","description":"","publisher":{"@id":"https:\/\/www.sidemast.org\/congresso\/2022\/#organization"},"potentialAction":[{"@type":"SearchAction","target":{"@type":"EntryPoint","urlTemplate":"https:\/\/www.sidemast.org\/congresso\/2022\/?s={search_term_string}"},"query-input":"required name=search_term_string"}],"inLanguage":"it-IT"},{"@type":"ImageObject","@id":"https:\/\/www.sidemast.org\/congresso\/2022\/sponsor\/#primaryimage","inLanguage":"it-IT","url":"https:\/\/congresso.sidemast.org\/wp-content\/uploads\/2021\/12\/logo.jpg","contentUrl":"https:\/\/congresso.sidemast.org\/wp-content\/uploads\/2021\/12\/logo.jpg"},{"@type":"WebPage","@id":"https:\/\/www.sidemast.org\/congresso\/2022\/sponsor\/#webpage","url":"https:\/\/www.sidemast.org\/congresso\/2022\/sponsor\/","name":"Sponsor | Congresso Nazionale SIDeMaST","isPartOf":{"@id":"https:\/\/www.sidemast.org\/congresso\/2022\/#website"},"primaryImageOfPage":{"@id":"https:\/\/www.sidemast.org\/congresso\/2022\/sponsor\/#primaryimage"},"datePublished":"2021-12-09T13:32:19+00:00","dateModified":"2022-06-16T10:41:52+00:00","breadcrumb":{"@id":"https:\/\/www.sidemast.org\/congresso\/2022\/sponsor\/#breadcrumb"},"inLanguage":"it-IT","potentialAction":[{"@type":"ReadAction","target":["https:\/\/www.sidemast.org\/congresso\/2022\/sponsor\/"]}]},{"@type":"BreadcrumbList","@id":"https:\/\/www.sidemast.org\/congresso\/2022\/sponsor\/#breadcrumb","itemListElement":[{"@type":"ListItem","position":1,"name":"Home","item":"https:\/\/www.sidemast.org\/congresso\/2022\/"},{"@type":"ListItem","position":2,"name":"Sponsor"}]}]}},"_links":{"self":[{"href":"https:\/\/www.sidemast.org\/congresso\/2022\/wp-json\/wp\/v2\/pages\/14865"}],"collection":[{"href":"https:\/\/www.sidemast.org\/congresso\/2022\/wp-json\/wp\/v2\/pages"}],"about":[{"href":"https:\/\/www.sidemast.org\/congresso\/2022\/wp-json\/wp\/v2\/types\/page"}],"author":[{"embeddable":true,"href":"https:\/\/www.sidemast.org\/congresso\/2022\/wp-json\/wp\/v2\/users\/1"}],"replies":[{"embeddable":true,"href":"https:\/\/www.sidemast.org\/congresso\/2022\/wp-json\/wp\/v2\/comments?post=14865"}],"version-history":[{"count":23,"href":"https:\/\/www.sidemast.org\/congresso\/2022\/wp-json\/wp\/v2\/pages\/14865\/revisions"}],"predecessor-version":[{"id":15352,"href":"https:\/\/www.sidemast.org\/congresso\/2022\/wp-json\/wp\/v2\/pages\/14865\/revisions\/15352"}],"wp:attachment":[{"href":"https:\/\/www.sidemast.org\/congresso\/2022\/wp-json\/wp\/v2\/media?parent=14865"}],"curies":[{"name":"wp","href":"https:\/\/api.w.org\/{rel}","templated":true}]}}