{"id":14822,"date":"2021-12-09T11:16:35","date_gmt":"2021-12-09T10:16:35","guid":{"rendered":"https:\/\/congresso.sidemast.org\/?page_id=14822"},"modified":"2022-03-01T16:34:35","modified_gmt":"2022-03-01T15:34:35","slug":"abstract","status":"publish","type":"page","link":"https:\/\/www.sidemast.org\/congresso\/2022\/abstract\/","title":{"rendered":"Abstract"},"content":{"rendered":"<p>[vc_row bg_type=&#8221;gradient&#8221; bg_gradient_color_1=&#8221;#bf3b39&#8243; bg_gradient_color_2=&#8221;#e36f00&#8243; padding_top_multiplier=&#8221;4x&#8221; padding_bottom_multiplier=&#8221;4x&#8221; el_wrapper_class=&#8221;intro&#8221;][vc_column]<h1 class=\"grve-element grve-title grve-align-left grve-animated-item grve-duration-normal grve-fade-in-up grve-h1\" style=\"\" data-delay=\"200\"><span><span style=\"color: #fff;\">Informazioni sulla compilazione<\/span><span class=\"grve-title-line grve-bg-white\" style=\"width: 50px;height: 2px;\"><\/span><\/span><\/h1><div class=\"grve-empty-space grve-height-1x\" style=\"\"><\/div>[vc_column_text animation=&#8221;grve-fade-in-up&#8221;]<strong>Dal 21 febbraio \u00e8 previsto\u00a0l\u2019invio\u00a0di\u00a0contributi scientifici\u00a0da\u00a0presentare\u00a0al\u00a096\u00b0 Congresso Nazionale SIDeMaST\u00a0SOLO come\u00a0Abstract POSTER.<\/strong><br \/>\nI contributi scientifici dovranno essere redatti esclusivamente tramite questo sito,\u00a0improrogabilmente entro e non oltre il\u00a0<strong>7 MARZO \u00a02022<\/strong>\u00a0e verranno inseriti negli atti del Congresso.<br \/>\nI contributi scientifici verranno selezionati sotto forma di Comunicazioni Orali e Poster da un Comitato Scientifico del Congresso composto da membri della societ\u00e0 scientifica SIDeMaST. Ogni Autore pu\u00f2 mandare al massimo <strong>n. 5 abstract<\/strong> in cui lo stesso compaia come primo Autore. La Triumph Italy S.r.l. invier\u00e0 tutta la corrispondenza direttamente ed esclusivamente all\u2019autore che presenter\u00e0 la relazione o il poster.<br \/>\nLa Triumph Italy S.r.l provveder\u00e0 a comunicare agli Autori l\u2019eventuale accettazione del contributo scientifico ed il giorno e l\u2019ora della presentazione della Comunicazione Orale.<br \/>\nPer poter presentare il lavoro in sede congressuale e per avere la pubblicazione dello stesso sugli Atti ufficiali del Congresso\u00a0l\u2019Autore deve essere regolarmente iscritto al Congresso.<br \/>\n<strong>Solo i lavori effettivamente accettati saranno pubblicati negli Atti del Congresso.<\/strong>[\/vc_column_text][\/vc_column][\/vc_row][vc_row padding_top_multiplier=&#8221;4x&#8221; padding_bottom_multiplier=&#8221;3x&#8221; separator_bottom_size=&#8221;30px&#8221; separator_bottom_color=&#8221;#e0e0e0&#8243;][vc_column width=&#8221;1\/4&#8243;]<h3 class=\"grve-element grve-title grve-align-left grve-animated-item grve-duration-normal grve-fade-in-up grve-h3\" style=\"\" data-delay=\"200\"><span><span style=\"color: #bf3b39;\">Topic 2022<\/span><span class=\"grve-title-line grve-bg-primary-1\" style=\"width: 50px;height: 2px;\"><\/span><\/span><\/h3>[\/vc_column][vc_column width=&#8221;3\/4&#8243;][vc_column_text animation=&#8221;grve-fade-in-up&#8221;]<\/p>\n<p>Indicare la categoria relativa all\u2019argomento del contributo scientifico:<\/p>\n<p><strong style=\"color: #bf3b39;\">A. <\/strong>Acne, rosacea e disturbi associati<\/p>\n<p><strong style=\"color: #bf3b39;\">B. <\/strong>Chirurgia Dermatologica<\/p>\n<p><strong style=\"color: #bf3b39;\">C. <\/strong>Dermatologia estetica<\/p>\n<p><strong style=\"color: #bf3b39;\">D. <\/strong>Dermatite atopica<\/p>\n<p><strong style=\"color: #bf3b39;\">E. <\/strong>Dermatite da contatto e dermatiti professionali<\/p>\n<p><strong style=\"color: #bf3b39;\">F. <\/strong>Dermatopatologia Clinica<\/p>\n<p><strong style=\"color: #bf3b39;\">G. <\/strong>Dermatologia Psicosomatica<\/p>\n<p><strong style=\"color: #bf3b39;\">H. <\/strong>Dermatologia Pediatrica<\/p>\n<p><strong style=\"color: #bf3b39;\">I. <\/strong>Fotodermatologia<\/p>\n<p><strong style=\"color: #bf3b39;\">J. <\/strong>Idrosadenite\u00a0suppurativa<\/p>\n<p><strong style=\"color: #bf3b39;\">K. <\/strong>Immunopatologia cutanea<\/p>\n<p><strong style=\"color: #bf3b39;\">L. <\/strong>Laser<\/p>\n<p><strong style=\"color: #bf3b39;\">M. <\/strong>Malattie delle unghie e capelli<\/p>\n<p><strong style=\"color: #bf3b39;\">N.\u00a0<\/strong>Malattie infettive dermatologiche, comprese MTS e COVID-correlate<\/p>\n<p><strong style=\"color: #bf3b39;\">O. <\/strong>Miscellanea<\/p>\n<p><strong style=\"color: #bf3b39;\">P. <\/strong>Oncologia Dermatologica<\/p>\n<p><strong style=\"color: #bf3b39;\">Q. <\/strong>Patologia delle Mucose<\/p>\n<p><strong style=\"color: #bf3b39;\">R. <\/strong>Psoriasi<\/p>\n<p><strong style=\"color: #bf3b39;\">S. <\/strong>Storia della Dermatologia e della Venereologia<\/p>\n<p>[\/vc_column_text][\/vc_column][\/vc_row][vc_row padding_top_multiplier=&#8221;&#8221; padding_bottom_multiplier=&#8221;2x&#8221;][vc_column width=&#8221;1\/4&#8243;]<h3 class=\"grve-element grve-title grve-align-left grve-animated-item grve-duration-normal grve-fade-in-up grve-h3\" style=\"\" data-delay=\"200\"><span><span style=\"color: #bf3b39;\">Deadline abstract<\/span><span class=\"grve-title-line grve-bg-primary-1\" style=\"width: 50px;height: 2px;\"><\/span><\/span><\/h3>[\/vc_column][vc_column width=&#8221;3\/4&#8243;][vc_column_text animation=&#8221;grve-fade-in-up&#8221;]<strong>7 Marzo 2022<\/strong>[\/vc_column_text][\/vc_column][\/vc_row][vc_row padding_top_multiplier=&#8221;&#8221; padding_bottom_multiplier=&#8221;2x&#8221;][vc_column width=&#8221;1\/4&#8243;]<h3 class=\"grve-element grve-title grve-align-left grve-animated-item grve-duration-normal grve-fade-in-up grve-h3\" style=\"\" data-delay=\"200\"><span><span style=\"color: #bf3b39;\">Immagini<\/span><span class=\"grve-title-line grve-bg-primary-1\" style=\"width: 50px;height: 2px;\"><\/span><\/span><\/h3>[\/vc_column][vc_column width=&#8221;3\/4&#8243;][vc_column_text animation=&#8221;grve-fade-in-up&#8221;]Non ammesse[\/vc_column_text][\/vc_column][\/vc_row][vc_row padding_top_multiplier=&#8221;&#8221; padding_bottom_multiplier=&#8221;2x&#8221;][vc_column width=&#8221;1\/4&#8243;]<h3 class=\"grve-element grve-title grve-align-left grve-animated-item grve-duration-normal grve-fade-in-up grve-h3\" style=\"\" data-delay=\"200\"><span><span style=\"color: #bf3b39;\">Invio<\/span><span class=\"grve-title-line grve-bg-primary-1\" style=\"width: 50px;height: 2px;\"><\/span><\/span><\/h3>[\/vc_column][vc_column width=&#8221;3\/4&#8243;][vc_column_text animation=&#8221;grve-fade-in-up&#8221;]Gli abstract potranno essere inviati solamente via internet compilando il form online.[\/vc_column_text]<div class=\"grve-empty-space grve-height-1x\" style=\"\"><\/div><div class=\"grve-element grve-align-left grve-animated-item grve-fade-in-up grve-duration-normal\" data-delay=\"200\"><a href=\"https:\/\/webapp.triumphgroupinternational.com\/cmsweb\/ABS_Login.asp?IDcommessa=TRM22007&#038;Lang=IT\" target=\"_blank\" rel=\"noopener noreferrer\" class=\"grve-btn grve-btn-medium grve-square grve-bg-primary-1 grve-bg-hover-primary-2\"><span><i class=\"smp-icon-envelope\"><\/i>Clicca qui per inviare<\/span><\/a><\/div>[\/vc_column][\/vc_row][vc_row padding_top_multiplier=&#8221;&#8221; padding_bottom_multiplier=&#8221;2x&#8221;][vc_column width=&#8221;1\/4&#8243;]<h3 class=\"grve-element grve-title grve-align-left grve-animated-item grve-duration-normal grve-fade-in-up grve-h3\" style=\"\" data-delay=\"200\"><span><span style=\"color: #bf3b39;\">Problemi<\/span><span class=\"grve-title-line grve-bg-primary-1\" style=\"width: 50px;height: 2px;\"><\/span><\/span><\/h3>[\/vc_column][vc_column width=&#8221;3\/4&#8243;][vc_column_text animation=&#8221;grve-fade-in-up&#8221;]Per qualsiasi problematica relativa all\u2019invio dell\u2019abstract \u00e8 a disposizione il numero +39 340 9841080 &#8211; +39 3494166986 &#8211; +39 0635530207 attivo dal luned\u00ec al venerd\u00ec dalle 10.00 alle 13.00 e dalle 14.00 alle 17.30[\/vc_column_text][\/vc_column][\/vc_row][vc_row padding_top_multiplier=&#8221;&#8221; padding_bottom_multiplier=&#8221;2x&#8221;][vc_column width=&#8221;1\/4&#8243;]<h3 class=\"grve-element grve-title grve-align-left grve-animated-item grve-duration-normal grve-fade-in-up grve-h3\" style=\"\" data-delay=\"200\"><span><span style=\"color: #bf3b39;\">File<\/span><span class=\"grve-title-line grve-bg-primary-1\" style=\"width: 50px;height: 2px;\"><\/span><\/span><\/h3>[\/vc_column][vc_column width=&#8221;3\/4&#8243;][vc_column_text animation=&#8221;grve-fade-in-up&#8221;]Il lavoro dovr\u00e0 essere impaginato su un file <strong>.doc<\/strong> (documento word).[\/vc_column_text][\/vc_column][\/vc_row][vc_row padding_top_multiplier=&#8221;&#8221; padding_bottom_multiplier=&#8221;2x&#8221;][vc_column width=&#8221;1\/4&#8243;]<h3 class=\"grve-element grve-title grve-align-left grve-animated-item grve-duration-normal grve-fade-in-up grve-h3\" style=\"\" data-delay=\"200\"><span><span style=\"color: #bf3b39;\">Codice<\/span><span class=\"grve-title-line grve-bg-primary-1\" style=\"width: 50px;height: 2px;\"><\/span><\/span><\/h3>[\/vc_column][vc_column width=&#8221;3\/4&#8243;][vc_column_text animation=&#8221;grve-fade-in-up&#8221;]A conferma dell\u2019invio del lavoro verr\u00e0 indicato un codice di riferimento che vi consigliamo di annotare per eventuali comunicazioni o modifiche.[\/vc_column_text][\/vc_column][\/vc_row][vc_row padding_top_multiplier=&#8221;&#8221; padding_bottom_multiplier=&#8221;2x&#8221;][vc_column]<h2 class=\"grve-element grve-title grve-align-left grve-animated-item grve-duration-normal grve-fade-in-up grve-h2\" style=\"\" data-delay=\"200\"><span><strong>Specifiche del file .doc<\/strong><\/span><\/h2>[\/vc_column][\/vc_row][vc_row padding_top_multiplier=&#8221;&#8221; padding_bottom_multiplier=&#8221;2x&#8221;][vc_column width=&#8221;1\/4&#8243;]<h3 class=\"grve-element grve-title grve-align-left grve-animated-item grve-duration-normal grve-fade-in-up grve-h3\" style=\"\" data-delay=\"200\"><span><span style=\"color: #bf3b39;\">Formato<\/span><span class=\"grve-title-line grve-bg-primary-1\" style=\"width: 50px;height: 2px;\"><\/span><\/span><\/h3>[\/vc_column][vc_column width=&#8221;3\/4&#8243;][vc_column_text animation=&#8221;grve-fade-in-up&#8221;]<\/p>\n<ul>\n<li>Il lavoro deve essere impaginato nel formato A4 in un file\u00a0<strong>.doc<\/strong>\u00a0(documento word)<\/li>\n<li>Lunghezza non superiore ad 1 pagina (compresi titolo, autori e affiliazioni)<\/li>\n<li>Il form permette l\u2019invio di un solo documento (file)<\/li>\n<li>Il documento non deve superare 1024 kb (1 MB)<\/li>\n<\/ul>\n<p><u><strong>N.B<\/strong>. S<\/u><u>e le dimensioni del file superassero i 1024 KB (1 MB) il lavoro potrebbe non arrivare.<\/u><\/p>\n<p><strong>L\u2019autore che presenter\u00e0 il lavoro dovr\u00e0 essere regolarmente iscritto al Congresso come\u00a0sopra indicato.<\/strong>[\/vc_column_text][\/vc_column][\/vc_row][vc_row padding_top_multiplier=&#8221;&#8221; padding_bottom_multiplier=&#8221;2x&#8221;][vc_column width=&#8221;1\/4&#8243;]<h3 class=\"grve-element grve-title grve-align-left grve-animated-item grve-duration-normal grve-fade-in-up grve-h3\" style=\"\" data-delay=\"200\"><span><span style=\"color: #bf3b39;\">Intestazione<\/span><span class=\"grve-title-line grve-bg-primary-1\" style=\"width: 50px;height: 2px;\"><\/span><\/span><\/h3>[\/vc_column][vc_column width=&#8221;3\/4&#8243;][vc_column_text animation=&#8221;grve-fade-in-up&#8221;]<\/p>\n<ul>\n<li>Il titolo deve essere scritto in minuscolo, grassetto, carattere Times New Roman 12<\/li>\n<li>Per ogni autore va riportato il Nome per esteso, Secondo Nome con inziale puntata ed il Cognome per esteso maiuscolo (Times New Roman 12, corsivo)<\/li>\n<li>Tra un autore e l\u2019autore successivo inserire virgola e spazio<\/li>\n<li>Per ogni autore va indicata l\u2019affiliazione in corsivo (Times New Roman 12) con punto e virgola tra un\u2019affiliazione e l\u2019altra e completa di (nel seguente ordine):\n<ul>\n<li>Unit\u00e0 operativa<\/li>\n<li>Dipartimento<\/li>\n<li>Ospedale e\/o Universit\u00e0<\/li>\n<li>Citt\u00e0<\/li>\n<\/ul>\n<\/li>\n<\/ul>\n<p>[\/vc_column_text][\/vc_column][\/vc_row][vc_row padding_top_multiplier=&#8221;&#8221; padding_bottom_multiplier=&#8221;2x&#8221;][vc_column width=&#8221;1\/4&#8243;]<h3 class=\"grve-element grve-title grve-align-left grve-animated-item grve-duration-normal grve-fade-in-up grve-h3\" style=\"\" data-delay=\"200\"><span><span style=\"color: #bf3b39;\">Corpo<\/span><span class=\"grve-title-line grve-bg-primary-1\" style=\"width: 50px;height: 2px;\"><\/span><\/span><\/h3>[\/vc_column][vc_column width=&#8221;3\/4&#8243;][vc_column_text animation=&#8221;grve-fade-in-up&#8221;]Il testo deve avere le seguenti caratteristiche:<\/p>\n<ul>\n<li>tipo di carattere Times New Roman, dimensione 12<\/li>\n<li>deve contenere max 450 parole<\/li>\n<li>interlinea singola, spazio singolo senza \u201ca capo\u201d<\/li>\n<li>nessuna linea vuota tra i paragrafi<\/li>\n<li>per evitare problemi di trascrizione, riportare i simboli per esteso (es. \u201c\u00df\u201d diventa \u201cbeta\u201d)<\/li>\n<\/ul>\n<p>[\/vc_column_text][\/vc_column][\/vc_row][vc_row padding_top_multiplier=&#8221;&#8221; padding_bottom_multiplier=&#8221;2x&#8221;][vc_column width=&#8221;1\/4&#8243;]<h3 class=\"grve-element grve-title grve-align-left grve-animated-item grve-duration-normal grve-fade-in-up grve-h3\" style=\"\" data-delay=\"200\"><span><span style=\"color: #bf3b39;\">Bibliografia<\/span><span class=\"grve-title-line grve-bg-primary-1\" style=\"width: 50px;height: 2px;\"><\/span><\/span><\/h3>[\/vc_column][vc_column width=&#8221;3\/4&#8243;][vc_column_text animation=&#8221;grve-fade-in-up&#8221;]Non \u00e8 ammessa[\/vc_column_text][\/vc_column][\/vc_row][vc_row padding_top_multiplier=&#8221;&#8221; padding_bottom_multiplier=&#8221;2x&#8221;][vc_column width=&#8221;1\/4&#8243;]<h3 class=\"grve-element grve-title grve-align-left grve-animated-item grve-duration-normal grve-fade-in-up grve-h3\" style=\"\" data-delay=\"200\"><span><span style=\"color: #bf3b39;\">Presentazione<\/span><span class=\"grve-title-line grve-bg-primary-1\" style=\"width: 50px;height: 2px;\"><\/span><\/span><\/h3>[\/vc_column][vc_column width=&#8221;3\/4&#8243;][vc_column_text animation=&#8221;grve-fade-in-up&#8221;]Indicare la scelta per la presentazione:<\/p>\n<ul>\n<li>orale: comunicazione orale<\/li>\n<li>poster<\/li>\n<\/ul>\n<p><strong>L\u2019accettazione della modalit\u00e0 di presentazione dell\u2019abstract \u00e8 a discrezione del Comitato Scientifico.<\/strong>[\/vc_column_text][\/vc_column][\/vc_row][vc_row padding_top_multiplier=&#8221;&#8221; padding_bottom_multiplier=&#8221;2x&#8221;][vc_column width=&#8221;1\/4&#8243;]<h3 class=\"grve-element grve-title grve-align-left grve-animated-item grve-duration-normal grve-fade-in-up grve-h3\" style=\"\" data-delay=\"200\"><span><span style=\"color: #bf3b39;\">Poster<\/span><span class=\"grve-title-line grve-bg-primary-1\" style=\"width: 50px;height: 2px;\"><\/span><\/span><\/h3>[\/vc_column][vc_column width=&#8221;3\/4&#8243;][vc_column_text animation=&#8221;grve-fade-in-up&#8221;]<strong>I poster non saranno cartacei n\u00e9 stampati<\/strong>\u00a0<strong>ma digitali,<\/strong>\u00a0consultabili in modo virtuale su Totem Multimediali.[\/vc_column_text][\/vc_column][\/vc_row][vc_row padding_top_multiplier=&#8221;&#8221; padding_bottom_multiplier=&#8221;2x&#8221;][vc_column width=&#8221;1\/4&#8243;]<h3 class=\"grve-element grve-title grve-align-left grve-animated-item grve-duration-normal grve-fade-in-up grve-h3\" style=\"\" data-delay=\"200\"><span><span style=\"color: #bf3b39;\">Lingua<\/span><span class=\"grve-title-line grve-bg-primary-1\" style=\"width: 50px;height: 2px;\"><\/span><\/span><\/h3>[\/vc_column][vc_column width=&#8221;3\/4&#8243;][vc_column_text animation=&#8221;grve-fade-in-up&#8221;]Italiano[\/vc_column_text][\/vc_column][\/vc_row]<\/p>\n","protected":false},"excerpt":{"rendered":"<p>[vc_row bg_type=&#8221;gradient&#8221; bg_gradient_color_1=&#8221;#bf3b39&#8243; bg_gradient_color_2=&#8221;#e36f00&#8243; padding_top_multiplier=&#8221;4x&#8221; padding_bottom_multiplier=&#8221;4x&#8221; el_wrapper_class=&#8221;intro&#8221;][vc_column][vc_column_text animation=&#8221;grve-fade-in-up&#8221;]Dal 21 febbraio \u00e8 previsto\u00a0l\u2019invio\u00a0di\u00a0contributi scientifici\u00a0da\u00a0presentare\u00a0al\u00a096\u00b0 Congresso Nazionale SIDeMaST\u00a0SOLO come\u00a0Abstract POSTER. I contributi scientifici dovranno essere redatti esclusivamente tramite questo sito,\u00a0improrogabilmente entro e non oltre il\u00a07 MARZO \u00a02022\u00a0e verranno inseriti negli atti del Congresso. I contributi scientifici verranno selezionati sotto forma di Comunicazioni Orali e Poster da un [&hellip;]<\/p>\n","protected":false},"author":1,"featured_media":0,"parent":0,"menu_order":0,"comment_status":"closed","ping_status":"closed","template":"","meta":[],"yoast_head":"<!-- This site is optimized with the Yoast SEO plugin v18.6 - https:\/\/yoast.com\/wordpress\/plugins\/seo\/ -->\n<title>Abstract | Congresso Nazionale SIDeMaST<\/title>\n<meta name=\"robots\" content=\"index, follow, max-snippet:-1, max-image-preview:large, max-video-preview:-1\" \/>\n<link rel=\"canonical\" href=\"https:\/\/www.sidemast.org\/congresso\/2022\/abstract\/\" \/>\n<meta property=\"og:locale\" content=\"it_IT\" \/>\n<meta property=\"og:type\" content=\"article\" \/>\n<meta property=\"og:title\" content=\"Abstract | Congresso Nazionale SIDeMaST\" \/>\n<meta property=\"og:description\" content=\"[vc_row bg_type=&#8221;gradient&#8221; bg_gradient_color_1=&#8221;#bf3b39&#8243; bg_gradient_color_2=&#8221;#e36f00&#8243; padding_top_multiplier=&#8221;4x&#8221; padding_bottom_multiplier=&#8221;4x&#8221; el_wrapper_class=&#8221;intro&#8221;][vc_column][vc_column_text animation=&#8221;grve-fade-in-up&#8221;]Dal 21 febbraio \u00e8 previsto\u00a0l\u2019invio\u00a0di\u00a0contributi scientifici\u00a0da\u00a0presentare\u00a0al\u00a096\u00b0 Congresso Nazionale SIDeMaST\u00a0SOLO come\u00a0Abstract POSTER. I contributi scientifici dovranno essere redatti esclusivamente tramite questo sito,\u00a0improrogabilmente entro e non oltre il\u00a07 MARZO \u00a02022\u00a0e verranno inseriti negli atti del Congresso. I contributi scientifici verranno selezionati sotto forma di Comunicazioni Orali e Poster da un [&hellip;]\" \/>\n<meta property=\"og:url\" content=\"https:\/\/www.sidemast.org\/congresso\/2022\/abstract\/\" \/>\n<meta property=\"og:site_name\" content=\"Congresso Nazionale SIDeMaST\" \/>\n<meta property=\"article:modified_time\" content=\"2022-03-01T15:34:35+00:00\" \/>\n<meta name=\"twitter:card\" content=\"summary_large_image\" \/>\n<meta name=\"twitter:label1\" content=\"Tempo di lettura stimato\" \/>\n\t<meta name=\"twitter:data1\" content=\"4 minuti\" \/>\n<script type=\"application\/ld+json\" class=\"yoast-schema-graph\">{\"@context\":\"https:\/\/schema.org\",\"@graph\":[{\"@type\":\"Organization\",\"@id\":\"https:\/\/www.sidemast.org\/congresso\/2022\/#organization\",\"name\":\"SIDeMaST\",\"url\":\"https:\/\/www.sidemast.org\/congresso\/2022\/\",\"sameAs\":[],\"logo\":{\"@type\":\"ImageObject\",\"@id\":\"https:\/\/www.sidemast.org\/congresso\/2022\/#logo\",\"inLanguage\":\"it-IT\",\"url\":\"https:\/\/congresso.sidemast.org\/wp-content\/uploads\/2021\/11\/loghi-accorpati-colored.png\",\"contentUrl\":\"https:\/\/congresso.sidemast.org\/wp-content\/uploads\/2021\/11\/loghi-accorpati-colored.png\",\"width\":254,\"height\":68,\"caption\":\"SIDeMaST\"},\"image\":{\"@id\":\"https:\/\/www.sidemast.org\/congresso\/2022\/#logo\"}},{\"@type\":\"WebSite\",\"@id\":\"https:\/\/www.sidemast.org\/congresso\/2022\/#website\",\"url\":\"https:\/\/www.sidemast.org\/congresso\/2022\/\",\"name\":\"Congresso Nazionale SIDeMaST\",\"description\":\"\",\"publisher\":{\"@id\":\"https:\/\/www.sidemast.org\/congresso\/2022\/#organization\"},\"potentialAction\":[{\"@type\":\"SearchAction\",\"target\":{\"@type\":\"EntryPoint\",\"urlTemplate\":\"https:\/\/www.sidemast.org\/congresso\/2022\/?s={search_term_string}\"},\"query-input\":\"required name=search_term_string\"}],\"inLanguage\":\"it-IT\"},{\"@type\":\"WebPage\",\"@id\":\"https:\/\/www.sidemast.org\/congresso\/2022\/abstract\/#webpage\",\"url\":\"https:\/\/www.sidemast.org\/congresso\/2022\/abstract\/\",\"name\":\"Abstract | Congresso Nazionale SIDeMaST\",\"isPartOf\":{\"@id\":\"https:\/\/www.sidemast.org\/congresso\/2022\/#website\"},\"datePublished\":\"2021-12-09T10:16:35+00:00\",\"dateModified\":\"2022-03-01T15:34:35+00:00\",\"breadcrumb\":{\"@id\":\"https:\/\/www.sidemast.org\/congresso\/2022\/abstract\/#breadcrumb\"},\"inLanguage\":\"it-IT\",\"potentialAction\":[{\"@type\":\"ReadAction\",\"target\":[\"https:\/\/www.sidemast.org\/congresso\/2022\/abstract\/\"]}]},{\"@type\":\"BreadcrumbList\",\"@id\":\"https:\/\/www.sidemast.org\/congresso\/2022\/abstract\/#breadcrumb\",\"itemListElement\":[{\"@type\":\"ListItem\",\"position\":1,\"name\":\"Home\",\"item\":\"https:\/\/www.sidemast.org\/congresso\/2022\/\"},{\"@type\":\"ListItem\",\"position\":2,\"name\":\"Abstract\"}]}]}<\/script>\n<!-- \/ Yoast SEO plugin. -->","yoast_head_json":{"title":"Abstract | Congresso Nazionale SIDeMaST","robots":{"index":"index","follow":"follow","max-snippet":"max-snippet:-1","max-image-preview":"max-image-preview:large","max-video-preview":"max-video-preview:-1"},"canonical":"https:\/\/www.sidemast.org\/congresso\/2022\/abstract\/","og_locale":"it_IT","og_type":"article","og_title":"Abstract | Congresso Nazionale SIDeMaST","og_description":"[vc_row bg_type=&#8221;gradient&#8221; bg_gradient_color_1=&#8221;#bf3b39&#8243; bg_gradient_color_2=&#8221;#e36f00&#8243; padding_top_multiplier=&#8221;4x&#8221; padding_bottom_multiplier=&#8221;4x&#8221; el_wrapper_class=&#8221;intro&#8221;][vc_column][vc_column_text animation=&#8221;grve-fade-in-up&#8221;]Dal 21 febbraio \u00e8 previsto\u00a0l\u2019invio\u00a0di\u00a0contributi scientifici\u00a0da\u00a0presentare\u00a0al\u00a096\u00b0 Congresso Nazionale SIDeMaST\u00a0SOLO come\u00a0Abstract POSTER. I contributi scientifici dovranno essere redatti esclusivamente tramite questo sito,\u00a0improrogabilmente entro e non oltre il\u00a07 MARZO \u00a02022\u00a0e verranno inseriti negli atti del Congresso. I contributi scientifici verranno selezionati sotto forma di Comunicazioni Orali e Poster da un [&hellip;]","og_url":"https:\/\/www.sidemast.org\/congresso\/2022\/abstract\/","og_site_name":"Congresso Nazionale SIDeMaST","article_modified_time":"2022-03-01T15:34:35+00:00","twitter_card":"summary_large_image","twitter_misc":{"Tempo di lettura stimato":"4 minuti"},"schema":{"@context":"https:\/\/schema.org","@graph":[{"@type":"Organization","@id":"https:\/\/www.sidemast.org\/congresso\/2022\/#organization","name":"SIDeMaST","url":"https:\/\/www.sidemast.org\/congresso\/2022\/","sameAs":[],"logo":{"@type":"ImageObject","@id":"https:\/\/www.sidemast.org\/congresso\/2022\/#logo","inLanguage":"it-IT","url":"https:\/\/congresso.sidemast.org\/wp-content\/uploads\/2021\/11\/loghi-accorpati-colored.png","contentUrl":"https:\/\/congresso.sidemast.org\/wp-content\/uploads\/2021\/11\/loghi-accorpati-colored.png","width":254,"height":68,"caption":"SIDeMaST"},"image":{"@id":"https:\/\/www.sidemast.org\/congresso\/2022\/#logo"}},{"@type":"WebSite","@id":"https:\/\/www.sidemast.org\/congresso\/2022\/#website","url":"https:\/\/www.sidemast.org\/congresso\/2022\/","name":"Congresso Nazionale SIDeMaST","description":"","publisher":{"@id":"https:\/\/www.sidemast.org\/congresso\/2022\/#organization"},"potentialAction":[{"@type":"SearchAction","target":{"@type":"EntryPoint","urlTemplate":"https:\/\/www.sidemast.org\/congresso\/2022\/?s={search_term_string}"},"query-input":"required name=search_term_string"}],"inLanguage":"it-IT"},{"@type":"WebPage","@id":"https:\/\/www.sidemast.org\/congresso\/2022\/abstract\/#webpage","url":"https:\/\/www.sidemast.org\/congresso\/2022\/abstract\/","name":"Abstract | Congresso Nazionale SIDeMaST","isPartOf":{"@id":"https:\/\/www.sidemast.org\/congresso\/2022\/#website"},"datePublished":"2021-12-09T10:16:35+00:00","dateModified":"2022-03-01T15:34:35+00:00","breadcrumb":{"@id":"https:\/\/www.sidemast.org\/congresso\/2022\/abstract\/#breadcrumb"},"inLanguage":"it-IT","potentialAction":[{"@type":"ReadAction","target":["https:\/\/www.sidemast.org\/congresso\/2022\/abstract\/"]}]},{"@type":"BreadcrumbList","@id":"https:\/\/www.sidemast.org\/congresso\/2022\/abstract\/#breadcrumb","itemListElement":[{"@type":"ListItem","position":1,"name":"Home","item":"https:\/\/www.sidemast.org\/congresso\/2022\/"},{"@type":"ListItem","position":2,"name":"Abstract"}]}]}},"_links":{"self":[{"href":"https:\/\/www.sidemast.org\/congresso\/2022\/wp-json\/wp\/v2\/pages\/14822"}],"collection":[{"href":"https:\/\/www.sidemast.org\/congresso\/2022\/wp-json\/wp\/v2\/pages"}],"about":[{"href":"https:\/\/www.sidemast.org\/congresso\/2022\/wp-json\/wp\/v2\/types\/page"}],"author":[{"embeddable":true,"href":"https:\/\/www.sidemast.org\/congresso\/2022\/wp-json\/wp\/v2\/users\/1"}],"replies":[{"embeddable":true,"href":"https:\/\/www.sidemast.org\/congresso\/2022\/wp-json\/wp\/v2\/comments?post=14822"}],"version-history":[{"count":31,"href":"https:\/\/www.sidemast.org\/congresso\/2022\/wp-json\/wp\/v2\/pages\/14822\/revisions"}],"predecessor-version":[{"id":15045,"href":"https:\/\/www.sidemast.org\/congresso\/2022\/wp-json\/wp\/v2\/pages\/14822\/revisions\/15045"}],"wp:attachment":[{"href":"https:\/\/www.sidemast.org\/congresso\/2022\/wp-json\/wp\/v2\/media?parent=14822"}],"curies":[{"name":"wp","href":"https:\/\/api.w.org\/{rel}","templated":true}]}}